{"id":7991,"date":"2017-04-06T11:08:49","date_gmt":"2017-04-06T09:08:49","guid":{"rendered":"https:\/\/unangelopercapello.it\/web\/?page_id=7991"},"modified":"2017-04-18T23:48:53","modified_gmt":"2017-04-18T21:48:53","slug":"newsletter","status":"publish","type":"page","link":"https:\/\/unangelopercapello.it\/web\/newsletter\/","title":{"rendered":"NEWSLETTER"},"content":{"rendered":"<p><section  id=\"section-69f616388be37\" class=\" fw-main-row-custom fw-main-row-top  fw_theme_bg_fw-custom fw-section-image auto  tf-sh-2f9e389f4e5995e8ff1171a7971876f0 \"  style=\"  background-image:url(https:\/\/unangelopercapello.it\/web\/wp-content\/uploads\/2017\/04\/header-newsletter.jpg); background-repeat: no-repeat; background-position: center center; background-size: cover;  \"  >\n\t\t\t<div class=\"fw-container-fluid\" >\n\t\t<div class=\"fw-row\">\n\t<div id=\"column-5278ce4186b7e53f43c6a97ff6ea3e7a\" class=\"fw-col-sm-12 tf-sh-5278ce4186b7e53f43c6a97ff6ea3e7a\" >\n\t\t<div class=\"fw-col-inner\">\n\t\t<div class=\"fw-heading fw-heading-center  tf-sh-ab01965611ba4b94d464118eb2ce226e\" >\n\t\t\t<h2 class=\"fw-special-title\">Iscriviti alla newsletter<\/h2>\n\t\n\t\n\t<\/div>\t<\/div>\n<\/div><\/div>\n\n\t<\/div>\n\t<\/section><section  id=\"section-69f616388c78f\" class=\" fw-main-row-custom  auto  tf-sh-365317496aafee52e4ca5168ee1fbb28 \"  style=\"background-color:#ffffff;   \"  >\n\t\t\t<div class=\"fw-container\" >\n\t\t<div class=\"fw-row\">\n\t<div id=\"column-d056dec4dc840495986fb5258df78dc9\" class=\"fw-col-sm-2 tf-sh-d056dec4dc840495986fb5258df78dc9\" >\n\t\t<div class=\"fw-col-inner\">\n\t\t\t<\/div>\n<\/div><div id=\"column-49af6774ee0d083ff908e8c470684b18\" class=\"fw-col-sm-8 tf-sh-49af6774ee0d083ff908e8c470684b18\" >\n\t\t<div class=\"fw-col-inner\">\n\t\t<div class=\"fw-text-box tf-sh-cf3399d279b4cb00537d0ceec208e995 \" >\n\t<div class=\"fw-text-inner\">\n\t\t<p><!-- Begin MailChimp Signup Form --><\/p>\n<style type=\"text\/css\">\t#mc_embed_signup{background:#fff; clear:left; font:14px Helvetica,Arial,sans-serif; }<br \/>\t\/* Add your own MailChimp form style overrides in your site stylesheet or in this style block.<br \/>\t   We recommend moving this block and the preceding CSS link to the HEAD of your HTML file. *\/<br \/><\/style>\n<div id=\"mc_embed_signup\">\n<form id=\"mc-embedded-subscribe-form\" class=\"validate\" action=\"\/\/unangelopercapello.us15.list-manage.com\/subscribe\/post?u=4c9e22eee2c59eef4d6a1cf51&amp;id=afdc1cafd4\" method=\"post\" name=\"mc-embedded-subscribe-form\" novalidate=\"\" target=\"_blank\">\n<div id=\"mc_embed_signup_scroll\">\n<h3>Compila i campi del form di iscrizione<\/h3>\n<div class=\"indicates-required\"><\/div>\n<div class=\"mc-field-group\"><label for=\"mce-FNAME\">Nome <\/label><br \/><input id=\"mce-FNAME\" class=\"\" name=\"FNAME\" type=\"text\" value=\"\" \/><\/div>\n<div class=\"mc-field-group\"><label for=\"mce-LNAME\">Cognome <\/label><br \/><input id=\"mce-LNAME\" class=\"\" name=\"LNAME\" type=\"text\" value=\"\" \/><\/div>\n<div class=\"mc-field-group\"><label for=\"mce-EMAIL\">Email <span class=\"asterisk\">*<\/span><br \/><\/label><br \/><input id=\"mce-EMAIL\" class=\"required email\" name=\"EMAIL\" type=\"email\" value=\"\" \/><\/div>\n<div id=\"mce-responses\" class=\"clear\"><\/div>\n<p><!-- real people should not fill this in and expect good things - do not remove this or risk form bot signups--><\/p>\n<div style=\"position: absolute; left: -5000px;\"><input tabindex=\"-1\" name=\"b_4c9e22eee2c59eef4d6a1cf51_afdc1cafd4\" type=\"text\" value=\"\" \/><\/div>\n<div class=\"clear\"><input id=\"mc-embedded-subscribe\" class=\"button\" name=\"subscribe\" type=\"submit\" value=\"Iscriviti\" \/><\/div>\n<\/div>\n<\/form>\n<\/div>\n<p><script type='text\/javascript' src='\/\/s3.amazonaws.com\/downloads.mailchimp.com\/js\/mc-validate.js'><\/script><script type='text\/javascript'>(function($) {window.fnames = new Array(); window.ftypes = new Array();fnames[1]='FNAME';ftypes[1]='text';fnames[2]='LNAME';ftypes[2]='text';fnames[0]='EMAIL';ftypes[0]='email'; \/* * Translated default messages for the $ validation plugin. * Locale: IT *\/$.extend($.validator.messages, {       required: \"Campo obbligatorio.\",       remote: \"Controlla questo campo.\",       email: \"Inserisci un indirizzo email valido.\",       url: \"Inserisci un indirizzo web valido.\",       date: \"Inserisci una data valida.\",       dateISO: \"Inserisci una data valida (ISO).\",       number: \"Inserisci un numero valido.\",       digits: \"Inserisci solo numeri.\",       creditcard: \"Inserisci un numero di carta di credito valido.\",       equalTo: \"Il valore non corrisponde.\",       accept: \"Inserisci un valore con un&apos;estensione valida.\",       maxlength: $.validator.format(\"Non inserire pi&ugrave; di {0} caratteri.\"),       minlength: $.validator.format(\"Inserisci almeno {0} caratteri.\"),       rangelength: $.validator.format(\"Inserisci un valore compreso tra {0} e {1} caratteri.\"),       range: $.validator.format(\"Inserisci un valore compreso tra {0} e {1}.\"),       max: $.validator.format(\"Inserisci un valore minore o uguale a {0}.\"),       min: $.validator.format(\"Inserisci un valore maggiore o uguale a {0}.\")});}(jQuery));var $mcj = jQuery.noConflict(true);<\/script><br \/><!--End mc_embed_signup--><\/p>\n\t<\/div>\n<\/div>\t<\/div>\n<\/div><div id=\"column-cdac43423fe1edad6f71dcf12d72f0dd\" class=\"fw-col-sm-2 tf-sh-cdac43423fe1edad6f71dcf12d72f0dd\" >\n\t\t<div class=\"fw-col-inner\">\n\t\t\t<\/div>\n<\/div><\/div>\n\n<div class=\"fw-row\">\n\t<div id=\"column-c9abcf32413ab3bae609dc2fe040f747\" class=\"fw-col-sm-12 tf-sh-c9abcf32413ab3bae609dc2fe040f747\" >\n\t\t<div class=\"fw-col-inner\">\n\t\t<div class=\"fw-divider-space  fw-custom-space  fw-mobile-hide-element clearfix\" style=\"height:30px;\" ><\/div><div class=\"fw-text-box tf-sh-96102adb72d90325296374fb1be9a1f9 \" >\n\t<div class=\"fw-text-inner\">\n\t\t<p>INFORMATIVA EX ART. 13 D. Lgs. n. 196\/2003<\/p>\n<p>per gli utenti del sito www.unangelopercapello.it<br \/>Gentile Utente,<br \/>ai sensi dell\u2019articolo 13 del D.lgs. n. 196\/2003 (di seguito, per brevit\u00e0, \u201cCodice Privacy\u201d), La informiamo che UN ANGELO PER CAPELLO, (di seguito \u201cUAPC\u201d), in qualit\u00e0 di Titolare del trattamento, tratter\u00e0 \u2013 per le finalit\u00e0 e le modalit\u00e0 di seguito riportate \u2013 i dati personali da Lei forniti, attraverso la navigazione sul sito web www.unangelopercapello.it. Natura di dei dati trattati - UAPC tratter\u00e0 i Suoi dati anagrafici e fiscali, nonch\u00e9 i dati di natura economica necessari per lo svolgimento dei rapporti con l\u2019associazione. Nel caso di trattamento di dati qualificati come \u201csensibili\u201d, ai sensi dell\u2019art. 4 comma 1 lett. d) del Codice Privacy, siccome idonei a rilevare direttamente o indirettamente il Suo stato di salute, il relativo trattamento \u2013 ai sensi dell\u2019art. 26 del citato Codice \u2013 avverr\u00e0 secondo le modalit\u00e0 e i limiti previsti dalla legge. Finalit\u00e0 del trattamento- I Suoi dati verranno trattati per espletare i servizi da Lei richiesti, per il conseguimento delle finalit\u00e0 indicate nello Statuto dell\u2019associazione e in relazione alle esigenze contrattuali ed ai conseguenti adempimenti degli obblighi legali e fiscali. I dati verranno trattati per tutta la durata del rapporto ed anche successivamente, per l\u2019espletamento di obblighi di legge e per finalit\u00e0 amministrative e commerciali. Modalit\u00e0 del trattamento - Il trattamento dei dati avviene mediante l\u2019utilizzo di strumenti e procedure idonei a garantirne la sicurezza e la riservatezza e potr\u00e0 essere effettuato sia mediante supporti cartacei, sia attraverso l\u2019ausilio di strumenti elettronici. Dati di navigazione- I sistemi informatici e le procedure software utilizzati per il funzionamento di questo sito web acquistano, nel corso del loro normale esercizio, alcuni dati personali la cui trasmissione \u00e8 sottointesa nell\u2019uso dei protocolli di comunicazione di Internet. Si tratta di informazioni che non sono raccolte per identificare gli interessati ma, per loro stessa natura, potrebbero permettere di identificare gli utenti attraverso elaborazioni ed associazioni con dati detenuti da terzi. Sono ricompresi in questa categoria gli indirizzi IP o i nomi a dominio dei computer utilizzati dagli utenti del sito, gli indirizzi in notazione URI (Uniform Resource Identifier) delle risorse richieste, l\u2019orario della richiesta, il metodo utilizzato nel sottoporre la richiesta al server, la dimensione del file ottenuto in risposta, il codice numerico indicante lo stato della risposta data dal server (buon fine, errore, ecc.) ed altri parametri tipici del sistema operativo e dell\u2019ambiente informatico dell\u2019utente. Il trattamento di tali dati \u00e8 finalizzato ad ottenere informazioni statistiche anonime sull\u2019uso del sito, per verificarne il corretto funzionamento e sono cancellati dopo l\u2019elaborazione. Gli stessi dati potrebbero essere utilizzati per fini di accertamento di responsabilit\u00e0 per eventuali reati informatici ai danni del sito. Dati forniti volontariamente dall\u2019utente - L\u2019invio volontario ed esplicito di posta elettronica agli indirizzi indicati nei differenti canali di accesso del sito www.unangelopercapello.it e la compilazione dei \u201cformat\u201d (maschere) specificamente predisposti comportano la successiva acquisizione dell\u2019indirizzo e dei dati del mittente\/utente, necessari per rispondere alle istanze prodotte e\/o erogare il servizio richiesto. Alcuni indirizzi di posta elettronica indicati su questo sito hanno un \u201creindirizzamento\u201d presso terzi diversi da UN ANGELO PER CAPELLO (quali medici e strutture sanitarie) che provvederanno a trattare i dati personali in qualit\u00e0 di autonomi titolari, restando l\u2019associazione estranea al relativo trattamento. Invitiamo pertanto a contattarci per conoscere l\u2019elenco dei reali destinatari prima di procedere ad ogni invio. Specifiche informative saranno riportate o visualizzate nelle pagine del sito predisposte per particolari servizi. Cookies - Sul sito www.unangelopercapello.it non sono utilizzate in alcun modo tecniche informatiche per l\u2019acquisizione diretta di dati personali identificativi dell\u2019utente o sistemi di profilazione dell\u2019utente. I c.d. cookies di sessione, una volta terminata la connessione al sito non vengono conservati. I nostri sistemi informatici utilizzano: cookies per la trasmissione di informazioni di carattere personale; cookies persistenti di alcun tipo, eccetto quelli di Google Analytics, servizio di analisi web fornito da Google Inc. (\u201cGoogle\u201d) che utilizza dei cookie che vengono depositati sul computer dell\u2019utente per consentire analisi statistiche in forma aggregata in ordine all\u2019utilizzo del sito web visitato. I dati generati da Google Analytics sono conservati da Google, come cos\u00ec come indicato nella propria informativa sull\u2019utilizzo dei cookies. Come titolare autonomo del trattamento dei dati relativo al servizio di Google Analytics, Google Inc. rende disponibile la propria informativa privacy. Per ulteriori approfondimenti su come gestire o disabilitare i cookie di terze parti o di marketing \u00e8 possibile visitare il sito www.youronlinechoices.com. Obbligo o facolt\u00e0 di conferire i dati e conseguenze dell\u2019eventuale rifiuto - Il mancato conferimento dei dati che l\u2019associazione \u00e8 obbligata a conoscere, al fine di adempiere agli obblighi previsti da leggi, da regolamenti e dalla normativa comunitaria, ovvero da disposizioni impartite da Autorit\u00e0 a ci\u00f2 legittimate dalla legge e da organi di vigilanza e controllo, comporter\u00e0 l\u2019impossibilit\u00e0 di instaurare o proseguire il rapporto, e\/o di fornire il servizio richiesto. In caso di conferimento facoltativo, la mancata acquisizione dei dati non influir\u00e0 sulla erogazione del servizio richiesto. Comunicazione e diffusione- I dati personali, ivi inclusi quelli \u201csensibili\u201d, non saranno oggetto di diffusione, n\u00e9 comunicati a soggetti terzi.<br \/>Diritto di accesso ai dati personali ed altri diritti ex art.7 D.lgs. n. 196\/2003 - In qualunque momento potr\u00e0 conoscere i dati che La riguardano, sapere come sono stati acquisiti, verificare se sono esatti, completi, aggiornati e ben custoditi, e far valere i Suoi diritti al riguardo attraverso specifica istanza da indirizzare tramite raccomandata al Titolare del trattamento. Titolare del Trattamento e Responsabile del trattamento - Il Titolare del trattamento dei dati personali \u00e8 UN ANGELO PER CAPELLO C.da Montefreddo, 2 70029 \u2013 Santeramo in Colle (BA). L\u2019elenco aggiornato dei Responsabili del trattamento \u00e8 disponibile sul sito www.unangelopercapello.it<\/p>\n\t<\/div>\n<\/div>\t<\/div>\n<\/div><\/div>\n\n\t<\/div>\n\t<\/section><\/p>\n","protected":false},"excerpt":{"rendered":"<p>Iscriviti alla newsletter Compila i campi del form di iscrizione Nome Cognome Email * INFORMATIVA EX ART. 13 D. Lgs. n. 196\/2003 per gli utenti del sito www.unangelopercapello.itGentile Utente,ai sensi dell\u2019articolo 13 del D.lgs. n. 196\/2003 (di seguito, per brevit\u00e0, \u201cCodice Privacy\u201d), La informiamo che UN ANGELO PER CAPELLO, (di seguito \u201cUAPC\u201d), in qualit\u00e0 di [&hellip;]<\/p>\n","protected":false},"author":1,"featured_media":0,"parent":0,"menu_order":0,"comment_status":"closed","ping_status":"closed","template":"visual-builder-template.php","meta":{"ngg_post_thumbnail":0,"footnotes":""},"class_list":["post-7991","page","type-page","status-publish","hentry"],"_links":{"self":[{"href":"https:\/\/unangelopercapello.it\/web\/wp-json\/wp\/v2\/pages\/7991","targetHints":{"allow":["GET"]}}],"collection":[{"href":"https:\/\/unangelopercapello.it\/web\/wp-json\/wp\/v2\/pages"}],"about":[{"href":"https:\/\/unangelopercapello.it\/web\/wp-json\/wp\/v2\/types\/page"}],"author":[{"embeddable":true,"href":"https:\/\/unangelopercapello.it\/web\/wp-json\/wp\/v2\/users\/1"}],"replies":[{"embeddable":true,"href":"https:\/\/unangelopercapello.it\/web\/wp-json\/wp\/v2\/comments?post=7991"}],"version-history":[{"count":25,"href":"https:\/\/unangelopercapello.it\/web\/wp-json\/wp\/v2\/pages\/7991\/revisions"}],"predecessor-version":[{"id":15543,"href":"https:\/\/unangelopercapello.it\/web\/wp-json\/wp\/v2\/pages\/7991\/revisions\/15543"}],"wp:attachment":[{"href":"https:\/\/unangelopercapello.it\/web\/wp-json\/wp\/v2\/media?parent=7991"}],"curies":[{"name":"wp","href":"https:\/\/api.w.org\/{rel}","templated":true}]}}