{"id":7869,"date":"2017-04-04T17:17:54","date_gmt":"2017-04-04T15:17:54","guid":{"rendered":"https:\/\/unangelopercapello.it\/web\/?page_id=7869"},"modified":"2017-04-10T15:12:37","modified_gmt":"2017-04-10T13:12:37","slug":"invia-le-tue-foto","status":"publish","type":"page","link":"https:\/\/unangelopercapello.it\/web\/dona-i-tuoi-capelli\/invia-le-tue-foto\/","title":{"rendered":"INVIA LE TUE FOTO"},"content":{"rendered":"<p><section  id=\"section-69eb90e22136d\" class=\" fw-main-row-custom fw-main-row-top fw-section-no-padding  auto  tf-sh-dc96d4f6c648f46e44263cd2419821a3 \"  style=\"   \"  >\n\t\t\t<div class=\"fw-container-fluid\" >\n\t\t<div class=\"fw-row\">\n\t<div id=\"column-066edac9fe4ef4b1dde4096d2f8ee9af\" class=\"fw-col-sm-12 tf-sh-066edac9fe4ef4b1dde4096d2f8ee9af  fw-col-no-padding\" >\n\t\t<div class=\"fw-col-inner\">\n\t\t<link href=\"https:\/\/fonts.googleapis.com\/css?family=Raleway:500%2C700%2C200%2C400\" rel=\"stylesheet\" property=\"stylesheet\" type=\"text\/css\" media=\"all\">\n<div id=\"rev_slider_29_1_wrapper\" class=\"rev_slider_wrapper fullwidthbanner-container\" data-source=\"gallery\" style=\"margin:0px auto;background-color:transparent;padding:0px;margin-top:0px;margin-bottom:0px;\">\n<!-- START REVOLUTION SLIDER 5.3.1.5 auto mode -->\n\t<div id=\"rev_slider_29_1\" class=\"rev_slider fullwidthabanner\" style=\"display:none;\" data-version=\"5.3.1.5\">\n<ul>\t<!-- SLIDE  -->\n\t<li data-index=\"rs-42\" data-transition=\"slideleft\" data-slotamount=\"default\" data-hideafterloop=\"0\" data-hideslideonmobile=\"off\"  data-easein=\"default\" data-easeout=\"default\" data-masterspeed=\"default\"  data-delay=\"8200\"  data-rotate=\"0\"  data-saveperformance=\"off\"  data-title=\"Slide\" data-param1=\"\" data-param2=\"\" data-param3=\"\" data-param4=\"\" data-param5=\"\" data-param6=\"\" data-param7=\"\" data-param8=\"\" data-param9=\"\" data-param10=\"\" data-description=\"\">\n\t\t<!-- MAIN IMAGE -->\n\t\t<img loading=\"lazy\" decoding=\"async\" src=\"https:\/\/unangelopercapello.it\/web\/wp-content\/plugins\/revslider\/admin\/assets\/images\/dummy.png\"  alt=\"\" title=\"unangelopercapello-header-donazione01\"  width=\"2560\" height=\"600\" data-lazyload=\"https:\/\/unangelopercapello.it\/web\/wp-content\/uploads\/2017\/04\/unangelopercapello-header-donazione01.jpg\" data-bgposition=\"70% 0%\" data-bgfit=\"cover\" data-bgrepeat=\"no-repeat\" data-bgparallax=\"off\" class=\"rev-slidebg\" data-no-retina>\n\t\t<!-- LAYERS -->\n\n\t\t<!-- LAYER NR. 1 -->\n\t\t<div class=\"tp-caption montserrat117white   tp-resizeme\" \n\t\t\t id=\"slide-42-layer-2\" \n\t\t\t data-x=\"['center','center','center','center']\" data-hoffset=\"['-6','71','22','22']\" \n\t\t\t data-y=\"['top','top','top','top']\" data-voffset=\"['200','186','184','184']\" \n\t\t\t\t\t\tdata-fontsize=\"['100','90','65','65']\"\n\t\t\tdata-fontweight=\"['500','700','700','700']\"\n\t\t\tdata-width=\"none\"\n\t\t\tdata-height=\"none\"\n\t\t\tdata-whitespace=\"nowrap\"\n \n\t\t\tdata-type=\"text\" \n\t\t\tdata-responsive_offset=\"on\" \n\n\t\t\tdata-frames='[{\"delay\":1000,\"speed\":400,\"frame\":\"0\",\"from\":\"y:-50px;opacity:0;\",\"to\":\"o:1;\",\"ease\":\"easeOutCubic\"},{\"delay\":\"wait\",\"speed\":300,\"frame\":\"999\",\"ease\":\"nothing\"}]'\n\t\t\tdata-textAlign=\"['left','left','left','left']\"\n\t\t\tdata-paddingtop=\"[0,0,0,0]\"\n\t\t\tdata-paddingright=\"[0,0,0,0]\"\n\t\t\tdata-paddingbottom=\"[0,0,0,0]\"\n\t\t\tdata-paddingleft=\"[0,0,0,0]\"\n\n\t\t\tstyle=\"z-index: 5; white-space: nowrap; font-size: 100px; line-height: 60px; font-weight: 500;font-family:Raleway;letter-spacing:0px;\">INVIA <\/div>\n\n\t\t<!-- LAYER NR. 2 -->\n\t\t<div class=\"tp-caption raleway200pink   tp-resizeme\" \n\t\t\t id=\"slide-42-layer-5\" \n\t\t\t data-x=\"['left','left','left','left']\" data-hoffset=\"['779','571','311','311']\" \n\t\t\t data-y=\"['top','top','top','top']\" data-voffset=\"['280','260','238','238']\" \n\t\t\t\t\t\tdata-fontsize=\"['60','50','38','38']\"\n\t\t\tdata-fontweight=\"['200','200','400','400']\"\n\t\t\tdata-color=\"['rgba(229, 172, 203, 1.00)','rgba(209, 42, 92, 1.00)','rgba(209, 42, 92, 1.00)','rgba(209, 42, 92, 1.00)']\"\n\t\t\tdata-width=\"none\"\n\t\t\tdata-height=\"none\"\n\t\t\tdata-whitespace=\"nowrap\"\n \n\t\t\tdata-type=\"text\" \n\t\t\tdata-responsive_offset=\"on\" \n\n\t\t\tdata-frames='[{\"delay\":1450,\"speed\":400,\"frame\":\"0\",\"from\":\"y:-50px;opacity:0;\",\"to\":\"o:1;\",\"ease\":\"easeOutCubic\"},{\"delay\":\"wait\",\"speed\":300,\"frame\":\"999\",\"ease\":\"nothing\"}]'\n\t\t\tdata-textAlign=\"['left','left','left','left']\"\n\t\t\tdata-paddingtop=\"[0,0,0,0]\"\n\t\t\tdata-paddingright=\"[0,0,0,0]\"\n\t\t\tdata-paddingbottom=\"[0,0,0,0]\"\n\t\t\tdata-paddingleft=\"[0,0,0,0]\"\n\n\t\t\tstyle=\"z-index: 6; white-space: nowrap; line-height: 60px; color: rgba(229, 172, 203, 1.00);letter-spacing:-2px;\">LE TUE FOTO <\/div>\n\t<\/li>\n<\/ul>\n<div class=\"tp-bannertimer\" style=\"height: 5px; background-color: rgba(0, 0, 0, 0.15);\"><\/div>\t<\/div>\n<script>var htmlDiv = document.getElementById(\"rs-plugin-settings-inline-css\"); var htmlDivCss=\".tp-caption.montserrat117white,.montserrat117white{color:#ffffff;font-size:113px;font-weight:700;font-family:Montserrat;text-decoration:none;background-color:transparent;border-width:0px;border-color:rgb(0,0,0);border-style:none;text-shadow:none;letter-spacing:-5px}.tp-caption.raleway200pink,.raleway200pink{font-size:60px;font-weight:200;font-family:Raleway;color:#d12a5c;text-decoration:none;background-color:transparent;border-width:0px;border-color:rgb(0,0,0);border-style:none;text-shadow:none;letter-spacing:-4px}\";\n\t\t\t\tif(htmlDiv) {\n\t\t\t\t\thtmlDiv.innerHTML = htmlDiv.innerHTML + htmlDivCss;\n\t\t\t\t}else{\n\t\t\t\t\tvar htmlDiv = document.createElement(\"div\");\n\t\t\t\t\thtmlDiv.innerHTML = \"<style>\" + htmlDivCss + \"<\/style>\";\n\t\t\t\t\tdocument.getElementsByTagName(\"head\")[0].appendChild(htmlDiv.childNodes[0]);\n\t\t\t\t}\n\t\t\t<\/script>\n\t\t<script type=\"text\/javascript\">\n\t\t\t\t\t\t\/******************************************\n\t\t\t\t-\tPREPARE PLACEHOLDER FOR SLIDER\t-\n\t\t\t******************************************\/\n\n\t\t\tvar setREVStartSize=function(){\n\t\t\t\ttry{var e=new Object,i=jQuery(window).width(),t=9999,r=0,n=0,l=0,f=0,s=0,h=0;\n\t\t\t\t\te.c = jQuery('#rev_slider_29_1');\n\t\t\t\t\te.responsiveLevels = [1240,1024,778,778];\n\t\t\t\t\te.gridwidth = [1920,1240,778,480];\n\t\t\t\t\te.gridheight = [523,500,500,400];\n\t\t\t\t\t\t\t\n\t\t\t\t\te.sliderLayout = \"auto\";\n\t\t\t\t\tif(e.responsiveLevels&&(jQuery.each(e.responsiveLevels,function(e,f){f>i&&(t=r=f,l=e),i>f&&f>r&&(r=f,n=e)}),t>r&&(l=n)),f=e.gridheight[l]||e.gridheight[0]||e.gridheight,s=e.gridwidth[l]||e.gridwidth[0]||e.gridwidth,h=i\/s,h=h>1?1:h,f=Math.round(h*f),\"fullscreen\"==e.sliderLayout){var u=(e.c.width(),jQuery(window).height());if(void 0!=e.fullScreenOffsetContainer){var c=e.fullScreenOffsetContainer.split(\",\");if (c) jQuery.each(c,function(e,i){u=jQuery(i).length>0?u-jQuery(i).outerHeight(!0):u}),e.fullScreenOffset.split(\"%\").length>1&&void 0!=e.fullScreenOffset&&e.fullScreenOffset.length>0?u-=jQuery(window).height()*parseInt(e.fullScreenOffset,0)\/100:void 0!=e.fullScreenOffset&&e.fullScreenOffset.length>0&&(u-=parseInt(e.fullScreenOffset,0))}f=u}else void 0!=e.minHeight&&f<e.minHeight&&(f=e.minHeight);e.c.closest(\".rev_slider_wrapper\").css({height:f})\n\t\t\t\t\t\n\t\t\t\t}catch(d){console.log(\"Failure at Presize of Slider:\"+d)}\n\t\t\t};\n\t\t\t\n\t\t\tsetREVStartSize();\n\t\t\t\n\t\t\t\t\t\tvar tpj=jQuery;\n\t\t\t\n\t\t\tvar revapi29;\n\t\t\ttpj(document).ready(function() {\n\t\t\t\tif(tpj(\"#rev_slider_29_1\").revolution == undefined){\n\t\t\t\t\trevslider_showDoubleJqueryError(\"#rev_slider_29_1\");\n\t\t\t\t}else{\n\t\t\t\t\trevapi29 = tpj(\"#rev_slider_29_1\").show().revolution({\n\t\t\t\t\t\tsliderType:\"standard\",\njsFileLocation:\"\/\/unangelopercapello.it\/web\/wp-content\/plugins\/revslider\/public\/assets\/js\/\",\n\t\t\t\t\t\tsliderLayout:\"auto\",\n\t\t\t\t\t\tdottedOverlay:\"none\",\n\t\t\t\t\t\tdelay:9000,\n\t\t\t\t\t\tnavigation: {\n\t\t\t\t\t\t\tkeyboardNavigation:\"off\",\n\t\t\t\t\t\t\tkeyboard_direction: \"horizontal\",\n\t\t\t\t\t\t\tmouseScrollNavigation:\"off\",\n \t\t\t\t\t\t\tmouseScrollReverse:\"default\",\n\t\t\t\t\t\t\tonHoverStop:\"off\",\n\t\t\t\t\t\t\ttouch:{\n\t\t\t\t\t\t\t\ttouchenabled:\"on\",\n\t\t\t\t\t\t\t\tswipe_threshold: 75,\n\t\t\t\t\t\t\t\tswipe_min_touches: 50,\n\t\t\t\t\t\t\t\tswipe_direction: \"horizontal\",\n\t\t\t\t\t\t\t\tdrag_block_vertical: false\n\t\t\t\t\t\t\t}\n\t\t\t\t\t\t},\n\t\t\t\t\t\tresponsiveLevels:[1240,1024,778,778],\n\t\t\t\t\t\tvisibilityLevels:[1240,1024,778,778],\n\t\t\t\t\t\tgridwidth:[1920,1240,778,480],\n\t\t\t\t\t\tgridheight:[523,500,500,400],\n\t\t\t\t\t\tlazyType:\"smart\",\n\t\t\t\t\t\tparallax: {\n\t\t\t\t\t\t\ttype:\"mouse\",\n\t\t\t\t\t\t\torigo:\"slidercenter\",\n\t\t\t\t\t\t\tspeed:2000,\n\t\t\t\t\t\t\tlevels:[2,3,4,5,6,7,12,16,10,50,47,48,49,50,51,55],\n\t\t\t\t\t\t},\n\t\t\t\t\t\tshadow:0,\n\t\t\t\t\t\tspinner:\"off\",\n\t\t\t\t\t\tstopLoop:\"on\",\n\t\t\t\t\t\tstopAfterLoops:0,\n\t\t\t\t\t\tstopAtSlide:1,\n\t\t\t\t\t\tshuffle:\"off\",\n\t\t\t\t\t\tautoHeight:\"off\",\n\t\t\t\t\t\thideThumbsOnMobile:\"off\",\n\t\t\t\t\t\thideSliderAtLimit:0,\n\t\t\t\t\t\thideCaptionAtLimit:0,\n\t\t\t\t\t\thideAllCaptionAtLilmit:0,\n\t\t\t\t\t\tdebugMode:false,\n\t\t\t\t\t\tfallbacks: {\n\t\t\t\t\t\t\tsimplifyAll:\"off\",\n\t\t\t\t\t\t\tnextSlideOnWindowFocus:\"off\",\n\t\t\t\t\t\t\tdisableFocusListener:false,\n\t\t\t\t\t\t}\n\t\t\t\t\t});\n\t\t\t\t}\n\t\t\t});\t\/*ready*\/\n\t\t<\/script>\n\t\t<\/div><!-- END REVOLUTION SLIDER -->\t<\/div>\n<\/div><\/div>\n\n\t<\/div>\n\t<\/section><section  id=\"section-69eb90e238115\" class=\" fw-main-row-custom fw-section-no-padding  auto  tf-sh-dd3014150371646a15c835c9aa649b1c \"  style=\"   \"  >\n\t\t\t<div class=\"fw-container\" style=\"background-color:#ffffff;\">\n\t\t<div class=\"fw-row\">\n\t<div id=\"column-828e75ea51fbab2094ca59069f91f923\" class=\"fw-col-sm-6 tf-sh-828e75ea51fbab2094ca59069f91f923\" >\n\t\t<div class=\"fw-col-inner\">\n\t\t<div class=\"fw-text-box tf-sh-35fbb8f7a27dff9b168017ca8adeaf6d  fw-animated-element\"  data-animation-type=\"fadeInUp\" data-animation-delay=\"200\">\n\t<div class=\"fw-text-inner\">\n\t\t<p>Hai effettuato una donazione e vuoi inviarci le foto che documentano il taglio e il fatidico \u201cprima e dopo\u201d?<\/p>\n\t<\/div>\n<\/div><div class=\"fw-divider-space  fw-custom-space  clearfix\" style=\"height:20px;\" ><\/div><div class=\"fw-heading fw-heading-left  fw-animated-element tf-sh-abafeb4b2fb66685d1a7e88e45385868\"  data-animation-type=\"fadeInUp\" data-animation-delay=\"200\">\n\t\t\t<h2 class=\"fw-special-title\">COMPILA IL FORM<\/h2>\n\t\n\t\n\t<\/div><div class=\"fw-text-box tf-sh-42da7c451fc23659eeba880007dae631  fw-animated-element\"  data-animation-type=\"fadeInUp\" data-animation-delay=\"200\">\n\t<div class=\"fw-text-inner\">\n\t\t<p>Compila il modulo per l\u2019invio delle foto in tutte le sue parti esprimendo, ove richiesto, l\u2019apposito consenso alla pubblicazione delle immagini. Solo cos\u00ec potremmo pubblicarle e lasciarle come testimonianza della tua donazione sulla nostra pagina <a href=\"https:\/\/www.facebook.com\/unangelopercapello\/\" target=\"_blank\">pagina Facebook<\/a>.<\/p>\n\t<\/div>\n<\/div><div class=\"fw-divider-space  fw-custom-space  clearfix\" style=\"height:20px;\" ><\/div><div class=\"fw-heading fw-heading-left  fw-animated-element tf-sh-0c1d1820b924e38f995ce666e2957e40\"  data-animation-type=\"fadeInUp\" data-animation-delay=\"200\">\n\t\t\t<h2 class=\"fw-special-title\">SEI UN MINORE?<\/h2>\n\t\n\t\n\t<\/div><div class=\"fw-text-box tf-sh-692d99917e48aaf07fd72c5cb1045d05  fw-animated-element\"  data-animation-type=\"fadeInUp\" data-animation-delay=\"200\">\n\t<div class=\"fw-text-inner\">\n\t\t<p><strong>Sei un minore?<\/strong> In tal caso un tuo genitore (esercitante la patria potest\u00e0) dovr\u00e0 compilare il modulo indicando le proprie generalit\u00e0 e le tue. Utilizza l'apposito <a href=\"https:\/\/unangelopercapello.it\/web\/dona-i-tuoi-capelli\/sei-minorenne\/\">modulo<\/a> dedicato alle donazioni dei minori.<\/p>\n\t<\/div>\n<\/div>\t<\/div>\n<\/div><div id=\"column-2980d7e69b9456915f48b02046004f46\" class=\"fw-col-sm-6 tf-sh-2980d7e69b9456915f48b02046004f46\" >\n\t\t<div class=\"fw-col-inner\">\n\t\t<div class=\"fw-text-box tf-sh-b7bcc95ed25926b88e3cdd84ae320ece \" >\n\t<div class=\"fw-text-inner\">\n\t\t<p><div role=\"form\" class=\"wpcf7\" id=\"wpcf7-f6419-o1\" lang=\"it-IT\" dir=\"ltr\">\n<div class=\"screen-reader-response\"><\/div>\n<form action=\"\/web\/wp-json\/wp\/v2\/pages\/7869#wpcf7-f6419-o1\" method=\"post\" class=\"wpcf7-form cf7-style invia-le-tue-foto\" enctype=\"multipart\/form-data\" novalidate=\"novalidate\">\n<div style=\"display: none;\">\n<input type=\"hidden\" name=\"_wpcf7\" value=\"6419\" \/>\n<input type=\"hidden\" name=\"_wpcf7_version\" value=\"5.1.6\" \/>\n<input type=\"hidden\" name=\"_wpcf7_locale\" value=\"it_IT\" \/>\n<input type=\"hidden\" name=\"_wpcf7_unit_tag\" value=\"wpcf7-f6419-o1\" \/>\n<input type=\"hidden\" name=\"_wpcf7_container_post\" value=\"0\" \/>\n<input type=\"hidden\" name=\"g-recaptcha-response\" value=\"\" \/>\n<\/div>\n<p><label><strong>Nome e Cognome (richiesto)*<\/strong><br \/>\n    <span class=\"wpcf7-form-control-wrap nome-cognome\"><input type=\"text\" name=\"nome-cognome\" value=\"\" size=\"40\" class=\"wpcf7-form-control wpcf7-text wpcf7-validates-as-required\" aria-required=\"true\" aria-invalid=\"false\" \/><\/span> <\/label><\/p>\n<p><label><strong>Data di nascita (richiesto)*<\/strong><br \/>\n    <span class=\"wpcf7-form-control-wrap Data-di-nascita\"><input type=\"text\" name=\"Data-di-nascita\" value=\"\" size=\"40\" class=\"wpcf7-form-control wpcf7-text wpcf7-validates-as-required\" aria-required=\"true\" aria-invalid=\"false\" \/><\/span> <\/label><\/p>\n<p><label><strong>Indirizzo di Residenza (richiesto)*<\/strong><br \/>\n    <span class=\"wpcf7-form-control-wrap indirizzo\"><input type=\"text\" name=\"indirizzo\" value=\"\" size=\"40\" class=\"wpcf7-form-control wpcf7-text wpcf7-validates-as-required\" aria-required=\"true\" aria-invalid=\"false\" \/><\/span> <\/label><\/p>\n<p><label><strong>Citt\u00e0 (richiesto)*<\/strong><br \/>\n    <span class=\"wpcf7-form-control-wrap citta\"><input type=\"text\" name=\"citta\" value=\"\" size=\"40\" class=\"wpcf7-form-control wpcf7-text wpcf7-validates-as-required\" aria-required=\"true\" aria-invalid=\"false\" \/><\/span> <\/label><\/p>\n<p><label><strong>Provincia (richiesto)*<\/strong><br \/>\n    <span class=\"wpcf7-form-control-wrap provincia\"><input type=\"text\" name=\"provincia\" value=\"\" size=\"40\" class=\"wpcf7-form-control wpcf7-text wpcf7-validates-as-required\" aria-required=\"true\" aria-invalid=\"false\" \/><\/span> <\/label><\/p>\n<p><label><strong>Telefono(richiesto)*<\/strong><br \/>\n    <span class=\"wpcf7-form-control-wrap Telefono\"><input type=\"tel\" name=\"Telefono\" value=\"\" size=\"40\" class=\"wpcf7-form-control wpcf7-text wpcf7-tel wpcf7-validates-as-required wpcf7-validates-as-tel\" aria-required=\"true\" aria-invalid=\"false\" \/><\/span> <\/label><\/p>\n<p><label><strong>E-mail (richiesto)<\/strong><br \/>\n    <span class=\"wpcf7-form-control-wrap your-email\"><input type=\"email\" name=\"your-email\" value=\"\" size=\"40\" class=\"wpcf7-form-control wpcf7-text wpcf7-email wpcf7-validates-as-required wpcf7-validates-as-email\" aria-required=\"true\" aria-invalid=\"false\" \/><\/span> <\/label><\/p>\n<p><label><strong>Contatto Social<\/strong><br \/>\n    <span class=\"wpcf7-form-control-wrap social\"><input type=\"text\" name=\"social\" value=\"\" size=\"40\" class=\"wpcf7-form-control wpcf7-text\" aria-invalid=\"false\" \/><\/span> <\/label><\/p>\n<p><label><strong>Il tuo messaggio<\/strong><br \/>\n    <span class=\"wpcf7-form-control-wrap your-message\"><textarea name=\"your-message\" cols=\"40\" rows=\"10\" class=\"wpcf7-form-control wpcf7-textarea\" aria-invalid=\"false\"><\/textarea><\/span> <\/label><\/p>\n<p>Invia le tue foto (fino ad un max di n. 5 foto | max. 2mb per foto | Formati file supportati: .gif, .png, .jpg, .gpeg, .zip. Per allegare pi\u00f9 documenti, ti invitiamo a creare un archivio .zip.<\/p>\n<p><label><span class=\"wpcf7-form-control-wrap File-1\"><input type=\"file\" name=\"File-1\" size=\"40\" class=\"wpcf7-form-control wpcf7-file wpcf7-validates-as-required\" accept=\".jpg,.jpeg,.png,.gif,.pdf,.doc,.docx,.ppt,.pptx,.odt,.avi,.ogg,.m4a,.mov,.mp3,.mp4,.mpg,.wav,.wmv\" aria-required=\"true\" aria-invalid=\"false\" \/><\/span><\/label><br \/>\n<label><span class=\"wpcf7-form-control-wrap File-2\"><input type=\"file\" name=\"File-2\" size=\"40\" class=\"wpcf7-form-control wpcf7-file\" accept=\".jpg,.jpeg,.png,.gif,.pdf,.doc,.docx,.ppt,.pptx,.odt,.avi,.ogg,.m4a,.mov,.mp3,.mp4,.mpg,.wav,.wmv\" aria-invalid=\"false\" \/><\/span><\/label><br \/>\n<label><span class=\"wpcf7-form-control-wrap File-3\"><input type=\"file\" name=\"File-3\" size=\"40\" class=\"wpcf7-form-control wpcf7-file\" accept=\".jpg,.jpeg,.png,.gif,.pdf,.doc,.docx,.ppt,.pptx,.odt,.avi,.ogg,.m4a,.mov,.mp3,.mp4,.mpg,.wav,.wmv\" aria-invalid=\"false\" \/><\/span><\/label><br \/>\n<label><span class=\"wpcf7-form-control-wrap File-4\"><input type=\"file\" name=\"File-4\" size=\"40\" class=\"wpcf7-form-control wpcf7-file\" accept=\".jpg,.jpeg,.png,.gif,.pdf,.doc,.docx,.ppt,.pptx,.odt,.avi,.ogg,.m4a,.mov,.mp3,.mp4,.mpg,.wav,.wmv\" aria-invalid=\"false\" \/><\/span><\/label><br \/>\n<label><span class=\"wpcf7-form-control-wrap File-5\"><input type=\"file\" name=\"File-5\" size=\"40\" class=\"wpcf7-form-control wpcf7-file\" accept=\".jpg,.jpeg,.png,.gif,.pdf,.doc,.docx,.ppt,.pptx,.odt,.avi,.ogg,.m4a,.mov,.mp3,.mp4,.mpg,.wav,.wmv\" aria-invalid=\"false\" \/><\/span><\/label><\/p>\n<p><strong>Finalit\u00e0 di trattamento*<\/strong><br \/>\n<small>Acconsento a che lo Staff dell'iniziativa \"Un Angelo per Capello\" utilizzi i miei recapiti, anche telefonici e di posta elettronica, per l'invio di comunicazioni ed informazioni di carattere esclusivamente collegato all'iniziativa \"Un Angelo per Capello\".<\/small><\/p>\n<p><span class=\"wpcf7-form-control-wrap Finalita-Trattamento\"><span class=\"wpcf7-form-control wpcf7-radio\"><span class=\"wpcf7-list-item first\"><input type=\"radio\" name=\"Finalita-Trattamento\" value=\"Si\" checked=\"checked\" \/><span class=\"wpcf7-list-item-label\">Si<\/span><\/span><span class=\"wpcf7-list-item last\"><input type=\"radio\" name=\"Finalita-Trattamento\" value=\"No\" \/><span class=\"wpcf7-list-item-label\">No<\/span><\/span><\/span><\/span><\/p>\n<p><strong>Accettazione condizioni e requisiti*<\/strong><br \/>\n<small>Dichiaro di aver letto ed accetto le condizioni e requisiti di donazione e le finalit\u00e0 del progetto. Ai sensi del D.Lgs del 30\/06\/2003 n. 196 sulla privacy autorizzo lo Staff dell'iniziativa \"Un Angelo per Capello\" alla pubblicazione delle foto da me inviate sulla pagina Facebook www.facebook.com\/unangelopercapello o sul sito internet www.unangelopercapello.it per le sole finalit\u00e0 legate al progetto in questione, ad esclusione di qualsiasi altro uso, ivi compreso quello commerciale.<\/small><\/p>\n<p><span class=\"wpcf7-form-control-wrap Accettazione-condizioni\"><span class=\"wpcf7-form-control wpcf7-radio\"><span class=\"wpcf7-list-item first\"><input type=\"radio\" name=\"Accettazione-condizioni\" value=\"Si\" checked=\"checked\" \/><span class=\"wpcf7-list-item-label\">Si<\/span><\/span><span class=\"wpcf7-list-item last\"><input type=\"radio\" name=\"Accettazione-condizioni\" value=\"No\" \/><span class=\"wpcf7-list-item-label\">No<\/span><\/span><\/span><\/span><\/p>\n<p><\/br><br \/>\n<input type=\"submit\" value=\"Invia\" class=\"wpcf7-form-control wpcf7-submit\" \/><\/p>\n<div class=\"wpcf7-response-output wpcf7-display-none\"><\/div><\/form><\/div><\/p>\n\t<\/div>\n<\/div>\t<\/div>\n<\/div><\/div>\n\n\t<\/div>\n\t<\/section><section  id=\"section-69eb90e23cca4\" class=\" fw-main-row-custom fw-section-no-padding  fw-section-height-custom custom-shape  tf-sh-8cb2b03ded090a6ca241e9e7ad118ed8 \"  style=\"background-color:#e69bc4;   height: 160px;\"  >\n\t\t\t<div class=\"fw-container\" >\n\t\t<div class=\"fw-row\">\n\t<div id=\"column-48e03c48d53cc941dcd69bff707f124f\" class=\"fw-col-sm-12 tf-sh-48e03c48d53cc941dcd69bff707f124f\" >\n\t\t<div class=\"fw-col-inner\">\n\t\t<div class=\"fw-divider-space  fw-custom-space  clearfix\" style=\"height:45px;\" ><\/div>\t<\/div>\n<\/div><\/div>\n\n<div class=\"fw-row\">\n\t<div id=\"column-604261eff8968888e149f0445c051664\" class=\"fw-tablet-hide-element fw-col-sm-4 fw-mobile-hide-element tf-sh-604261eff8968888e149f0445c051664  fw-col-no-padding\" >\n\t\t<div class=\"fw-col-inner\">\n\t\t\n\t\n\t\t<div class=\"fw-block-image-parent  fw-animated-element fw-block-image-left\"  data-animation-type=\"fadeInUp\" data-animation-delay=\"200\" style=\"width: 185px; \">\n\t\t\t<span class=\"fw-block-image-child fw-noratio fw-ratio-container\">\n\t\t\t\t<meta property=\"og:image\" content=\"https:\/\/unangelopercapello.it\/web\/wp-content\/uploads\/2017\/03\/icon-contatti.png\" \/><noscript itemscope itemtype=\"https:\/\/schema.org\/ImageObject\" itemprop=\"image\"><img decoding=\"async\" src=\"https:\/\/unangelopercapello.it\/web\/wp-content\/uploads\/2017\/03\/icon-contatti.png\"  alt=\"icon-contatti\" data-maxdpr=\"1.7\" width=\"185\" class=\"lazyload\" \/><meta itemprop=\"url\" content=\"https:\/\/unangelopercapello.it\/web\/wp-content\/uploads\/2017\/03\/icon-contatti.png\"><meta itemprop=\"width\" content=\"185\"><meta itemprop=\"height\" content=\"80\"><\/noscript><img decoding=\"async\" src=\"data:image\/gif;base64,R0lGODlhAQABAIAAAAAAAP\/\/\/yH5BAEAAAAALAAAAAABAAEAAAIBRAA7\" data-sizes=\"auto\" data-srcset=\"https:\/\/unangelopercapello.it\/web\/wp-content\/uploads\/2017\/03\/icon-contatti.png\"   alt=\"icon-contatti\" data-maxdpr=\"1.7\" width=\"185\" class=\"lazyload\" \/><span class=\"fw-after-no-ratio\" style=\"padding-bottom: 43.243243243243%\"><\/span>\t\t\t\t\t\t\t<\/span>\n\t\t<\/div>\n\n\t\n\t<\/div>\n<\/div><div id=\"column-d3798cfd1503cbd0eba8f4b03da8eb9c\" class=\"fw-col-sm-8 fw-col-md-4 fw-mobile-hide-element tf-sh-d3798cfd1503cbd0eba8f4b03da8eb9c  fw-col-no-padding\" >\n\t\t<div class=\"fw-col-inner\">\n\t\t<div class=\"fw-text-box tf-sh-7ca33591e48c25520261eb655a4f1b22  fw-animated-element\"  data-animation-type=\"fadeInUp\" data-animation-delay=\"400\">\n\t<div class=\"fw-text-inner\">\n\t\t<p style=\"text-align: left;\">PER INFORMAZIONI<\/p>\n\t<\/div>\n<\/div>\t<\/div>\n<\/div><div id=\"column-4f8413f58d819296bc30ac103075672c\" class=\"fw-col-sm-4 tf-sh-4f8413f58d819296bc30ac103075672c  fw-col-no-padding\" >\n\t\t<div class=\"fw-col-inner\">\n\t\t<div class=\"fw-divider-space  fw-custom-space  fw-mobile-hide-element clearfix\" style=\"height:5px;\" ><\/div><div class=\"text-right\">\t<a href=\"https:\/\/unangelopercapello.it\/web\/contattaci\/\" target=\"_self\" class=\"fw-btn tf-sh-3d1896620c21e3e3e996d24d2a73cc1c    fw-animated-element fw-btn-2\"  data-animation-type=\"fadeInDown\" data-animation-delay=\"600\" style=\"width:196px; height:65px; line-height:61px;\">\n\t\t<span style=\"top:0;\">\n\t\t\tCONTATTACI\t\t<\/span>\n\t<\/a>\n<\/div>\t<\/div>\n<\/div><\/div>\n\n\t<\/div>\n\t<\/section><\/p>\n","protected":false},"excerpt":{"rendered":"<p>INVIA LE TUE FOTO Hai effettuato una donazione e vuoi inviarci le foto che documentano il taglio e il fatidico \u201cprima e dopo\u201d? COMPILA IL FORM Compila il modulo per l\u2019invio delle foto in tutte le sue parti esprimendo, ove richiesto, l\u2019apposito consenso alla pubblicazione delle immagini. Solo cos\u00ec potremmo pubblicarle e lasciarle come testimonianza [&hellip;]<\/p>\n","protected":false},"author":1,"featured_media":0,"parent":6413,"menu_order":0,"comment_status":"closed","ping_status":"closed","template":"visual-builder-template.php","meta":{"ngg_post_thumbnail":0,"footnotes":""},"class_list":["post-7869","page","type-page","status-publish","hentry"],"_links":{"self":[{"href":"https:\/\/unangelopercapello.it\/web\/wp-json\/wp\/v2\/pages\/7869","targetHints":{"allow":["GET"]}}],"collection":[{"href":"https:\/\/unangelopercapello.it\/web\/wp-json\/wp\/v2\/pages"}],"about":[{"href":"https:\/\/unangelopercapello.it\/web\/wp-json\/wp\/v2\/types\/page"}],"author":[{"embeddable":true,"href":"https:\/\/unangelopercapello.it\/web\/wp-json\/wp\/v2\/users\/1"}],"replies":[{"embeddable":true,"href":"https:\/\/unangelopercapello.it\/web\/wp-json\/wp\/v2\/comments?post=7869"}],"version-history":[{"count":8,"href":"https:\/\/unangelopercapello.it\/web\/wp-json\/wp\/v2\/pages\/7869\/revisions"}],"predecessor-version":[{"id":8236,"href":"https:\/\/unangelopercapello.it\/web\/wp-json\/wp\/v2\/pages\/7869\/revisions\/8236"}],"up":[{"embeddable":true,"href":"https:\/\/unangelopercapello.it\/web\/wp-json\/wp\/v2\/pages\/6413"}],"wp:attachment":[{"href":"https:\/\/unangelopercapello.it\/web\/wp-json\/wp\/v2\/media?parent=7869"}],"curies":[{"name":"wp","href":"https:\/\/api.w.org\/{rel}","templated":true}]}}