{"id":6301,"date":"2017-03-10T16:14:36","date_gmt":"2017-03-10T15:14:36","guid":{"rendered":"https:\/\/unangelopercapello.it\/web\/?page_id=6301"},"modified":"2017-06-15T15:40:47","modified_gmt":"2017-06-15T13:40:47","slug":"5x1000","status":"publish","type":"page","link":"https:\/\/unangelopercapello.it\/web\/5x1000\/","title":{"rendered":"5&#215;1000"},"content":{"rendered":"<p><section  id=\"section-69eb8f549db4e\" class=\" fw-main-row-custom fw-main-row-top fw-content-overlay-custom auto  tf-sh-769290c209d7cf5b8f5861d033987dff \"  style=\"background-color:#9a1b60;  margin-bottom:-43px; \"  >\n\t\t\t<div class=\"fw-container\" >\n\t\t<div class=\"fw-row\">\n\t<div id=\"column-f5396825f29ef935b3ea0cc44986161b\" class=\"fw-col-sm-12 tf-sh-f5396825f29ef935b3ea0cc44986161b\" >\n\t\t<div class=\"fw-col-inner\">\n\t\t<div class=\"fw-divider-space  fw-custom-space  clearfix\" style=\"height:20px;\" ><\/div>\t<\/div>\n<\/div><\/div>\n\n<div class=\"fw-row\">\n\t<div id=\"column-3226580aed60ea4b01e737b098d88134\" class=\"fw-col-sm-6 tf-sh-3226580aed60ea4b01e737b098d88134\" >\n\t\t<div class=\"fw-col-inner\">\n\t\t<div class=\"fw-heading fw-heading-left  fw-heading-with-subtitle tf-sh-5150bee27b908e06b48b39a1f6003663\" >\n\t\t\t<h2 class=\"fw-special-title\">codice fiscale<\/h2>\n\t\n\t\n\t\t\t<div class=\"fw-special-subtitle\">UN ANGELO PER CAPELLO<\/div>\n\t<\/div>\t<\/div>\n<\/div><div id=\"column-a54efd5212e8e5393b5d2e32574a949c\" class=\"fw-col-sm-6 tf-sh-a54efd5212e8e5393b5d2e32574a949c\" >\n\t\t<div class=\"fw-col-inner\">\n\t\t<div class=\"fw-divider-space  fw-custom-space  clearfix\" style=\"height:20px;\" ><\/div>\n\t\n\t\t<div class=\"fw-block-image-parent  \"  style=\"width: 100%; \">\n\t\t\t<span class=\"fw-block-image-child fw-noratio fw-ratio-container\">\n\t\t\t\t<meta property=\"og:image\" content=\"https:\/\/unangelopercapello.it\/web\/wp-content\/uploads\/2017\/03\/codice.png\" \/><noscript itemscope itemtype=\"https:\/\/schema.org\/ImageObject\" itemprop=\"image\"><img decoding=\"async\" src=\"https:\/\/unangelopercapello.it\/web\/wp-content\/uploads\/2017\/03\/codice.png\"  alt=\"codice\" data-maxdpr=\"1.7\" class=\"lazyload\" \/><meta itemprop=\"url\" content=\"https:\/\/unangelopercapello.it\/web\/wp-content\/uploads\/2017\/03\/codice.png\"><meta itemprop=\"width\" content=\"516\"><meta itemprop=\"height\" content=\"80\"><\/noscript><img decoding=\"async\" src=\"data:image\/gif;base64,R0lGODlhAQABAIAAAAAAAP\/\/\/yH5BAEAAAAALAAAAAABAAEAAAIBRAA7\" data-sizes=\"auto\" data-srcset=\"https:\/\/unangelopercapello.it\/web\/wp-content\/uploads\/2017\/03\/codice.png\"   alt=\"codice\" data-maxdpr=\"1.7\" class=\"lazyload\" \/><span class=\"fw-after-no-ratio\" style=\"padding-bottom: 15.503875968992%\"><\/span>\t\t\t\t\t\t\t<\/span>\n\t\t<\/div>\n\n\t\n\t<\/div>\n<\/div><\/div>\n\n<div class=\"fw-row\">\n\t<div id=\"column-f5396825f29ef935b3ea0cc44986161b\" class=\"fw-col-sm-12 tf-sh-f5396825f29ef935b3ea0cc44986161b\" >\n\t\t<div class=\"fw-col-inner\">\n\t\t<div class=\"fw-divider-space space-sm  clearfix\"  ><\/div>\t<\/div>\n<\/div><\/div>\n\n\t<\/div>\n\t<\/section><section  id=\"section-69eb8f54a0769\" class=\" fw-main-row-custom  auto  tf-sh-b72813e96930ec54c8b3534f9949ce0b \"  style=\"background-color:#ffffff;   \"  >\n\t\t\t<div class=\"fw-container\" >\n\t\t<div class=\"fw-row\">\n\t<div id=\"column-dd60226d9c109619bb691684865703fa\" class=\"fw-col-sm-6 tf-sh-dd60226d9c109619bb691684865703fa  fw-column-height-custom fw-animated-element fw-col-no-padding\" data-animation-type=\"fadeIn\" data-animation-delay=\"200\"  style=\"height: 320px;\">\n\t\t<div class=\"fw-col-inner\">\n\t\t<div class=\"fw-heading fw-heading-left  fw-heading-with-subtitle fw-animated-element tf-sh-36c16355e083078eec56ecdc83c4d505\"  data-animation-type=\"fadeInUp\" data-animation-delay=\"200\">\n\t\t\t<h2 class=\"fw-special-title\">Cos'\u00e8 il 5 XMILLE<\/h2>\n\t\n\t\n\t\t\t<div class=\"fw-special-subtitle\">Il 5 per mille non ti costa nulla, perch\u00e9 non \u00e8 una tassa in pi\u00f9.<\/div>\n\t<\/div><div class=\"fw-text-box tf-sh-07ec603d9eb408de372d634401982933 \" >\n\t<div class=\"fw-text-inner\">\n\t\t<p><span style=\"color: #a8a8a8; font-family: quattrocento sans; font-size: 16.5px; line-height: 25px; font-weight: normal;\">- E' una quota di imposte.\u00a0<strong>Lo Stato rinuncia a questa quota per destinarla alle organizzazioni no-profit<\/strong>\u00a0per sostenere le loro attivit\u00e0.<br \/><\/span><span style=\"color: #9a1b60; font-family: quattrocento sans; font-size: 16.5px; line-height: 25px; font-weight: normal;\">- NON sostituisce l'otto per mille destinato alle confessioni religiose.<br \/><\/span><span style=\"color: #a8a8a8; font-family: quattrocento sans; font-size: 16.5px; line-height: 25px; font-weight: normal;\">- 5 x 1000 e 8 X 1000 sono due possibilit\u00e0 diverse ed \u00e8 possibile utilizzarle entrambe per destinare parte delle proprie imposte per fini diversi.<\/span><\/p>\n\t<\/div>\n<\/div>\t<\/div>\n<\/div><div id=\"column-cbd04e3311e026c5556b03c2d901b540\" class=\"fw-col-sm-6 tf-sh-cbd04e3311e026c5556b03c2d901b540  fw-column-height-custom fw-animated-element fw-col-no-padding\" data-animation-type=\"fadeIn\" data-animation-delay=\"200\"  style=\"height: 320px;\">\n\t\t<div class=\"fw-col-inner\">\n\t\t<div class=\"fw-heading fw-heading-left  fw-heading-with-subtitle fw-animated-element tf-sh-b66a462ab93b871c8d371333e3d678e4\"  data-animation-type=\"fadeInUp\" data-animation-delay=\"200\">\n\t\t\t<h2 class=\"fw-special-title\">Come destinare il 5 XMILLE<\/h2>\n\t\n\t\n\t\t\t<div class=\"fw-special-subtitle\">CU - 730 - UNICO<\/div>\n\t<\/div><div class=\"fw-text-box tf-sh-127a269456305b2eec45d054bcc14aab \" >\n\t<div class=\"fw-text-inner\">\n\t\t<p><span style=\"color: #a8a8a8; font-family: quattrocento sans; font-size: 16.5px; line-height: 25px; font-weight: normal;\">I modelli per la dichiarazione dei redditi CU, 730 e UNICO contengono uno spazio dedicato al 5 per 1000.<br \/><\/span><span style=\"color: #9a1b60; font-family: quattrocento sans; font-size: 16.5px; line-height: 25px; font-weight: normal;\">Nella sezione relativa al <strong>Sostegno del volontariato e onlus<\/strong> puoi firmare e indicare <strong>il codice fiscale di Un Angelo per Capello 91120950729.<\/strong><\/span><\/p>\n\t<\/div>\n<\/div>\t<\/div>\n<\/div><\/div>\n\n<div class=\"fw-row\">\n\t<div id=\"column-f5396825f29ef935b3ea0cc44986161b\" class=\"fw-col-sm-12 tf-sh-f5396825f29ef935b3ea0cc44986161b\" >\n\t\t<div class=\"fw-col-inner\">\n\t\t<div class=\"fw-divider-space space-md  clearfix\"  ><\/div>\t<\/div>\n<\/div><\/div>\n\n<div class=\"fw-row\">\n\t<div id=\"column-f5396825f29ef935b3ea0cc44986161b\" class=\"fw-col-sm-12 tf-sh-f5396825f29ef935b3ea0cc44986161b\" >\n\t\t<div class=\"fw-col-inner\">\n\t\t\n\t\n\t\t<div class=\"fw-block-image-parent  fw-animated-element \"  data-animation-type=\"pulse\" data-animation-delay=\"200\" style=\"width: 100%; \">\n\t\t\t<span class=\"fw-block-image-child fw-noratio fw-ratio-container\">\n\t\t\t\t<meta property=\"og:image\" content=\"https:\/\/unangelopercapello.it\/web\/wp-content\/uploads\/2017\/03\/5x1000.png\" \/><noscript itemscope itemtype=\"https:\/\/schema.org\/ImageObject\" itemprop=\"image\"><img decoding=\"async\" src=\"https:\/\/unangelopercapello.it\/web\/wp-content\/uploads\/2017\/03\/5x1000.png\"  alt=\"5&#215;1000\" data-maxdpr=\"1.7\" class=\"lazyload\" \/><meta itemprop=\"url\" content=\"https:\/\/unangelopercapello.it\/web\/wp-content\/uploads\/2017\/03\/5x1000.png\"><meta itemprop=\"width\" content=\"2685\"><meta itemprop=\"height\" content=\"978\"><\/noscript><img decoding=\"async\" src=\"data:image\/gif;base64,R0lGODlhAQABAIAAAAAAAP\/\/\/yH5BAEAAAAALAAAAAABAAEAAAIBRAA7\" data-sizes=\"auto\" data-srcset=\"https:\/\/unangelopercapello.it\/web\/wp-content\/uploads\/2017\/03\/5x1000.png\"   alt=\"5&#215;1000\" data-maxdpr=\"1.7\" class=\"lazyload\" \/><span class=\"fw-after-no-ratio\" style=\"padding-bottom: 36.424581005587%\"><\/span>\t\t\t\t\t\t\t<\/span>\n\t\t<\/div>\n\n\t\n\t<\/div>\n<\/div><\/div>\n\n\t<\/div>\n\t<\/section><section  id=\"section-69eb8f54a2bb8\" class=\" fw-main-row-custom fw-content-overlay-custom auto  tf-sh-d79ea52a9ccfc01eb749c84beb771721 \"  style=\"background-color:#9a1b60;  margin-bottom:-43px; \"  >\n\t\t\t<div class=\"fw-container\" >\n\t\t<div class=\"fw-row\">\n\t<div id=\"column-f5396825f29ef935b3ea0cc44986161b\" class=\"fw-col-sm-12 tf-sh-f5396825f29ef935b3ea0cc44986161b\" >\n\t\t<div class=\"fw-col-inner\">\n\t\t<div class=\"fw-divider-space space-sm  clearfix\"  ><\/div>\t<\/div>\n<\/div><\/div>\n\n<div class=\"fw-row\">\n\t<div id=\"column-dcb5bad5ceb55e3e1e3a15d8cf60e199\" class=\"fw-col-sm-4 tf-sh-dcb5bad5ceb55e3e1e3a15d8cf60e199\" >\n\t\t<div class=\"fw-col-inner\">\n\t\t<div class=\"fw-heading fw-heading-left  fw-heading-with-subtitle fw-animated-element tf-sh-3d3e7c8c0234837049a8824c8997d89b\"  data-animation-type=\"fadeInUp\" data-animation-delay=\"200\">\n\t\t\t<h2 class=\"fw-special-title\">FAC-SIMILE<\/h2>\n\t\n\t\n\t\t\t<div class=\"fw-special-subtitle\">Moduli fiscali<\/div>\n\t<\/div><div class=\"fw-text-box tf-sh-9cc88ee1e95ae084de73323f97e0fb5e \" >\n\t<div class=\"fw-text-inner\">\n\t\t<p><span style=\"color: #ffffff;\">Scopri come compilare correttamente la documentazione.<\/span><br \/><span style=\"color: #ffffff;\">Qui affianco troverai dei Fac-Simile con le indicazioni per la corretta compilazione.<\/span><\/p>\n\t<\/div>\n<\/div>\t<\/div>\n<\/div><div id=\"column-c1380bb6f6cf8b6503124f230de0525f\" class=\"fw-col-sm-1-5 tf-sh-c1380bb6f6cf8b6503124f230de0525f\" >\n\t\t<div class=\"fw-col-inner\">\n\t\t\n\t\t\t        \t\t<div class=\"fw-block-image-parent fw-overlay-1 fw-block-image-icon   fw-animated-element fw-block-image-center\"  data-animation-type=\"fadeInUp\" data-animation-delay=\"200\" style=\"width: 209px; \">\n            \t\t\t<a class=\"fw-block-image-child fw-noratio fw-ratio-container\" href=\"\/\/unangelopercapello.it\/web\/wp-content\/uploads\/2017\/03\/730.jpg\" data-rel=\"prettyPhoto\">\n\t\t\t\t<meta property=\"og:image\" content=\"https:\/\/unangelopercapello.it\/web\/wp-content\/uploads\/2017\/03\/730.jpg\" \/><noscript itemscope itemtype=\"https:\/\/schema.org\/ImageObject\" itemprop=\"image\"><img decoding=\"async\" src=\"https:\/\/unangelopercapello.it\/web\/wp-content\/uploads\/2017\/03\/730.jpg\"  alt=\"730\" data-maxdpr=\"1.7\" width=\"209\" class=\"lazyload\" \/><meta itemprop=\"url\" content=\"https:\/\/unangelopercapello.it\/web\/wp-content\/uploads\/2017\/03\/730.jpg\"><meta itemprop=\"width\" content=\"1000\"><meta itemprop=\"height\" content=\"1401\"><\/noscript><img decoding=\"async\" src=\"data:image\/gif;base64,R0lGODlhAQABAIAAAAAAAP\/\/\/yH5BAEAAAAALAAAAAABAAEAAAIBRAA7\" data-sizes=\"auto\" data-srcset=\"https:\/\/unangelopercapello.it\/web\/wp-content\/uploads\/2017\/03\/730.jpg\"   alt=\"730\" data-maxdpr=\"1.7\" width=\"209\" class=\"lazyload\" \/><span class=\"fw-after-no-ratio\" style=\"padding-bottom: 140.1%\"><\/span>\t\t\t\t                                    <div class=\"fw-block-image-overlay\">\n                        <div class=\"fw-itable\">\n                            <div class=\"fw-icell\">\n                                <i class=\"fw-icon-zoom\"><\/i>\n                            <\/div>\n                        <\/div>\n                    <\/div>\n                \t\t\t<\/a>\n            \t\t<\/div>\n\n\t\n\t<\/div>\n<\/div><div id=\"column-0459880d783d61e17fd1d971f41335ab\" class=\"fw-col-sm-1-5 tf-sh-0459880d783d61e17fd1d971f41335ab\" >\n\t\t<div class=\"fw-col-inner\">\n\t\t\n\t\t\t        \t\t<div class=\"fw-block-image-parent fw-overlay-1 fw-block-image-icon   fw-animated-element fw-block-image-center\"  data-animation-type=\"fadeInDown\" data-animation-delay=\"200\" style=\"width: 209px; \">\n            \t\t\t<a class=\"fw-block-image-child fw-noratio fw-ratio-container\" href=\"\/\/unangelopercapello.it\/web\/wp-content\/uploads\/2017\/03\/cu.jpg\" data-rel=\"prettyPhoto\">\n\t\t\t\t<meta property=\"og:image\" content=\"https:\/\/unangelopercapello.it\/web\/wp-content\/uploads\/2017\/03\/cu.jpg\" \/><noscript itemscope itemtype=\"https:\/\/schema.org\/ImageObject\" itemprop=\"image\"><img decoding=\"async\" src=\"https:\/\/unangelopercapello.it\/web\/wp-content\/uploads\/2017\/03\/cu.jpg\"  alt=\"cu\" data-maxdpr=\"1.7\" width=\"209\" class=\"lazyload\" \/><meta itemprop=\"url\" content=\"https:\/\/unangelopercapello.it\/web\/wp-content\/uploads\/2017\/03\/cu.jpg\"><meta itemprop=\"width\" content=\"1000\"><meta itemprop=\"height\" content=\"1402\"><\/noscript><img decoding=\"async\" src=\"data:image\/gif;base64,R0lGODlhAQABAIAAAAAAAP\/\/\/yH5BAEAAAAALAAAAAABAAEAAAIBRAA7\" data-sizes=\"auto\" data-srcset=\"https:\/\/unangelopercapello.it\/web\/wp-content\/uploads\/2017\/03\/cu.jpg\"   alt=\"cu\" data-maxdpr=\"1.7\" width=\"209\" class=\"lazyload\" \/><span class=\"fw-after-no-ratio\" style=\"padding-bottom: 140.2%\"><\/span>\t\t\t\t                                    <div class=\"fw-block-image-overlay\">\n                        <div class=\"fw-itable\">\n                            <div class=\"fw-icell\">\n                                <i class=\"fw-icon-zoom\"><\/i>\n                            <\/div>\n                        <\/div>\n                    <\/div>\n                \t\t\t<\/a>\n            \t\t<\/div>\n\n\t\n\t<\/div>\n<\/div><div id=\"column-2411d0dfcb621dba0e43d5b77b714ba2\" class=\"fw-col-sm-1-5 tf-sh-2411d0dfcb621dba0e43d5b77b714ba2\" >\n\t\t<div class=\"fw-col-inner\">\n\t\t\n\t\t\t        \t\t<div class=\"fw-block-image-parent fw-overlay-1 fw-block-image-icon   fw-animated-element fw-block-image-center\"  data-animation-type=\"fadeInUp\" data-animation-delay=\"200\" style=\"width: 209px; \">\n            \t\t\t<a class=\"fw-block-image-child fw-noratio fw-ratio-container\" href=\"\/\/unangelopercapello.it\/web\/wp-content\/uploads\/2017\/03\/persone-fisiche.jpg\" data-rel=\"prettyPhoto\">\n\t\t\t\t<meta property=\"og:image\" content=\"https:\/\/unangelopercapello.it\/web\/wp-content\/uploads\/2017\/03\/persone-fisiche.jpg\" \/><noscript itemscope itemtype=\"https:\/\/schema.org\/ImageObject\" itemprop=\"image\"><img decoding=\"async\" src=\"https:\/\/unangelopercapello.it\/web\/wp-content\/uploads\/2017\/03\/persone-fisiche.jpg\"  alt=\"persone-fisiche\" data-maxdpr=\"1.7\" width=\"209\" class=\"lazyload\" \/><meta itemprop=\"url\" content=\"https:\/\/unangelopercapello.it\/web\/wp-content\/uploads\/2017\/03\/persone-fisiche.jpg\"><meta itemprop=\"width\" content=\"1000\"><meta itemprop=\"height\" content=\"1432\"><\/noscript><img decoding=\"async\" src=\"data:image\/gif;base64,R0lGODlhAQABAIAAAAAAAP\/\/\/yH5BAEAAAAALAAAAAABAAEAAAIBRAA7\" data-sizes=\"auto\" data-srcset=\"https:\/\/unangelopercapello.it\/web\/wp-content\/uploads\/2017\/03\/persone-fisiche.jpg\"   alt=\"persone-fisiche\" data-maxdpr=\"1.7\" width=\"209\" class=\"lazyload\" \/><span class=\"fw-after-no-ratio\" style=\"padding-bottom: 143.2%\"><\/span>\t\t\t\t                                    <div class=\"fw-block-image-overlay\">\n                        <div class=\"fw-itable\">\n                            <div class=\"fw-icell\">\n                                <i class=\"fw-icon-zoom\"><\/i>\n                            <\/div>\n                        <\/div>\n                    <\/div>\n                \t\t\t<\/a>\n            \t\t<\/div>\n\n\t\n\t<\/div>\n<\/div><\/div>\n\n<div class=\"fw-row\">\n\t<div id=\"column-f5396825f29ef935b3ea0cc44986161b\" class=\"fw-col-sm-12 tf-sh-f5396825f29ef935b3ea0cc44986161b\" >\n\t\t<div class=\"fw-col-inner\">\n\t\t<div class=\"fw-divider-space space-sm  clearfix\"  ><\/div>\t<\/div>\n<\/div><\/div>\n\n\t<\/div>\n\t<\/section><\/p>\n","protected":false},"excerpt":{"rendered":"<p>codice fiscale UN ANGELO PER CAPELLO Cos&#8217;\u00e8 il 5 XMILLE Il 5 per mille non ti costa nulla, perch\u00e9 non \u00e8 una tassa in pi\u00f9. &#8211; E&#8217; una quota di imposte.\u00a0Lo Stato rinuncia a questa quota per destinarla alle organizzazioni no-profit\u00a0per sostenere le loro attivit\u00e0.- NON sostituisce l&#8217;otto per mille destinato alle confessioni religiose.- 5 [&hellip;]<\/p>\n","protected":false},"author":1,"featured_media":0,"parent":0,"menu_order":0,"comment_status":"closed","ping_status":"closed","template":"visual-builder-template.php","meta":{"ngg_post_thumbnail":0,"footnotes":""},"class_list":["post-6301","page","type-page","status-publish","hentry"],"_links":{"self":[{"href":"https:\/\/unangelopercapello.it\/web\/wp-json\/wp\/v2\/pages\/6301","targetHints":{"allow":["GET"]}}],"collection":[{"href":"https:\/\/unangelopercapello.it\/web\/wp-json\/wp\/v2\/pages"}],"about":[{"href":"https:\/\/unangelopercapello.it\/web\/wp-json\/wp\/v2\/types\/page"}],"author":[{"embeddable":true,"href":"https:\/\/unangelopercapello.it\/web\/wp-json\/wp\/v2\/users\/1"}],"replies":[{"embeddable":true,"href":"https:\/\/unangelopercapello.it\/web\/wp-json\/wp\/v2\/comments?post=6301"}],"version-history":[{"count":93,"href":"https:\/\/unangelopercapello.it\/web\/wp-json\/wp\/v2\/pages\/6301\/revisions"}],"predecessor-version":[{"id":16368,"href":"https:\/\/unangelopercapello.it\/web\/wp-json\/wp\/v2\/pages\/6301\/revisions\/16368"}],"wp:attachment":[{"href":"https:\/\/unangelopercapello.it\/web\/wp-json\/wp\/v2\/media?parent=6301"}],"curies":[{"name":"wp","href":"https:\/\/api.w.org\/{rel}","templated":true}]}}