{"id":18149,"date":"2019-03-20T18:01:05","date_gmt":"2019-03-20T17:01:05","guid":{"rendered":"https:\/\/unangelopercapello.it\/web\/?page_id=18149"},"modified":"2019-03-20T18:01:05","modified_gmt":"2019-03-20T17:01:05","slug":"condizioni-di-vendita","status":"publish","type":"page","link":"https:\/\/unangelopercapello.it\/web\/condizioni-di-vendita\/","title":{"rendered":"CONDIZIONI DI VENDITA"},"content":{"rendered":"<p>Le presenti Condizioni Generali di Vendita regolano l\u2019acquisto online di prodotti effettuato tramite il Sito Web www.unangelopercapello.it. I prodotti acquistati su www.unangelopercapello.it sono venduti direttamente dall\u2019Associazione Un Angelo per Capello, C.da Montefreddo, 2 \u2013 70029 | Santeramo in Colle (BA) &#8211; Italy.<br \/>\nPuoi inoltre contattare il Venditore tramite e-mail all\u2019indirizzo info@unangelopercapello.it<\/p>\n<h5>1. La nostra politica commerciale<\/h5>\n<p>1.1 Il Venditore offre in vendita su www. unangelopercapello.it it i prodotti e svolge la propria attivit\u00e0 di commercio elettronico esclusivamente nei confronti dei propri utenti finali \u201cconsumatori\u201d.<\/p>\n<p>1.2 Il consumatore \u00e8 qualsiasi persona fisica che acquista uno o pi\u00f9 prodotti attraverso lo Store online, con finalit\u00e0 non connesse alla propria attivit\u00e0 commerciale, accettando le Condizioni Generali.<br \/>\nSe non sei un consumatore, ti invitiamo a non concludere transazioni commerciali su www. unangelopercapello.it.<\/p>\n<p>1.3 In considerazione della propria politica commerciale, il Venditore si riserva il diritto di non dare seguito ad ordini provenienti da soggetti diversi dal \u201cconsumatore\u201d e che non siano debitamente compilati in conformit\u00e0 a quanto previsto dalle Condizioni Generali di Vendita.<\/p>\n<p>1.4 Le presenti Condizioni Generali di Vendita regolano esclusivamente l\u2019offerta, l\u2019invio e l\u2019accettazione di ordini tra gli utenti di unangelopercapello.it ed il Venditore.<\/p>\n<h5>2. Come concludere il contratto con il Venditore<\/h5>\n<p>2.1 Per concludere il contratto di acquisto di uno o pi\u00f9 prodotti su unangelopercapello.it, dovrai compilare il modulo d&#8217;ordine in formato elettronico e trasmetterlo al Venditore, per via telematica, seguendo le relative istruzioni.<\/p>\n<p>2.2 Nel modulo d&#8217;ordine \u00e8 contenuto un riepilogo delle informazioni sulle caratteristiche essenziali di ciascun prodotto ordinato e il relativo prezzo (comprensivo di tutte le tasse o imposte applicabili), delle modalit\u00e0 di pagamento che potrai utilizzare per acquistare ciascun prodotto e delle modalit\u00e0 di consegna dei prodotti acquistati, dei costi di spedizione e di consegna, delle condizioni per l\u2019esercizio del diritto di recesso e delle modalit\u00e0 e dei tempi di restituzione dei beni acquistati.<\/p>\n<p>2.3 Il contratto \u00e8 concluso al ricevimento da parte del Venditore, per via telematica, del modulo d&#8217;ordine, previa verifica della correttezza dei dati relativi all\u2019ordine stesso.<\/p>\n<p>2.4 Prima di procedere all\u2019acquisto dei prodotti, ti sar\u00e0 chiesto di leggere attentamente le Condizioni Generali di Vendita.<\/p>\n<p>2.5 Il modulo d&#8217;ordine sar\u00e0 archiviato presso la nostra banca dati per il periodo di tempo necessario all&#8217;evasione degli ordini e comunque nei termini di legge. Potrai visionare il tuo modulo d\u2019ordine accedendo con i tuoi codici nell\u2019Area Riservata.<\/p>\n<p>2.6 Il Venditore potr\u00e0 non dar corso a ordini d&#8217;acquisto che non diano sufficienti garanzie di solvibilit\u00e0 o che risultino incompleti o non corretti ovvero in caso di non disponibilit\u00e0 dei prodotti. In questi casi, provvederemo a informarti per posta elettronica che il contratto non \u00e8 concluso e che il Venditore non ha dato seguito al tuo ordine d&#8217;acquisto specificandone i motivi. Qualora i prodotti, presentati su w unangelopercapello.it non siano pi\u00f9 disponibili o in vendita al momento del tuo ultimo accesso al sito, ovvero dell&#8217;invio del modulo d&#8217;ordine, sar\u00e0 cura del Venditore comunicarti, entro trenta (30) giorni a decorrere dal giorno successivo a quello in cui avrai trasmesso il tuo ordine al Venditore, l&#8217;eventuale indisponibilit\u00e0 dei prodotti ordinati. In caso di inoltro del modulo d&#8217;ordine e pagamento del prezzo, il Venditore provveder\u00e0 a rimborsare quanto da te gi\u00e0 anticipato.<\/p>\n<p>2.7 Con la trasmissione telematica del modulo d&#8217;ordine, accetti incondizionatamente e ti impegni a osservare, nei rapporti con il Venditore, le sopra esposte Condizioni Generali di Vendita. Se non condividi alcuni dei termini riportati nelle Condizioni Generali di Vendita, ti invitiamo a non inoltrare il modulo d&#8217;ordine per l&#8217;acquisto dei prodotti su unangelopercapello.it.<\/p>\n<p>2.8 Con la trasmissione del modulo d&#8217;ordine confermi di conoscere e accettare le Condizioni Generali di Vendita e le ulteriori informazioni contenute in unangelopercapello.it, anche richiamate tramite link, comprese le <a href=\"https:\/\/www.chocolate-shop.it\/terms-of-use\">Condizioni Generali d\u2019Uso<\/a>, la <a href=\"https:\/\/www.chocolate-shop.it\/privacy\">Privacy Policy<\/a> e l\u2019Informativa sul Diritto di Recesso.<\/p>\n<p>2.9 Concluso il contratto, il Venditore ti trasmetter\u00e0, per posta elettronica, una ricevuta dell&#8217;ordine d&#8217;acquisto, contenente un riepilogo delle informazioni gi\u00e0 contenute nel modulo d&#8217;ordine.<\/p>\n<h5>3. Garanzie ed indicazione dei prezzi dei prodotti<\/h5>\n<p>3.1 Le caratteristiche essenziali dei prodotti sono presentate su unangelopercapello.it all&#8217;interno di ciascuna scheda prodotto. Le immagini e i colori dei prodotti offerti in vendita su unangelopercapello.it potrebbero tuttavia non essere corrispondenti a quelli reali per effetto del Browser Internet e del monitor utilizzato.<\/p>\n<p>3.2 Il Venditore non vende prodotti usati, irregolari o di qualit\u00e0 inferiore ai corrispondenti standard offerti sul mercato.<\/p>\n<p>3.3 Il Venditore, in caso di esercizio del tuo diritto di recesso, ha la facolt\u00e0 di non accettare la restituzione dei prodotti che siano stati alterati nelle loro caratteristiche essenziali e qualitative o che siano stati danneggiati.<\/p>\n<p>3.4 I prezzi dei prodotti potrebbero subire variazioni. Accertati del prezzo finale di vendita prima di inoltrare il relativo modulo d\u2019ordine.<\/p>\n<p>3.5 Le richieste di acquisto provenienti da Paesi non presenti tra quelli della pagina di Scelta Paese non potranno essere accettate dal Venditore.<\/p>\n<h5>4. Pagamenti<\/h5>\n<p>4.1 I prezzi esposti sono comprensivi di IVA, confezioni ed imballaggi.<\/p>\n<p>4.2 Per il pagamento del prezzo dei prodotti e delle relative spese di spedizione potrai seguire una delle modalit\u00e0 indicate nel modulo d&#8217;ordine.<\/p>\n<p>4.3 In caso di pagamento mediante Carta di Credito, le informazioni finanziarie (ad esempio, il numero della Carta di Credito\/debito o la data della sua scadenza) saranno inoltrate, tramite protocollo crittografato, senza che terzi possano, in alcun modo, avervi accesso.<br \/>\nTali informazioni, inoltre, non saranno mai utilizzate dal Venditore se non per completare le operazioni di acquisto ed in caso di emissione di rimborsi, in seguito all&#8217;esercizio del tuo diritto di recesso e alla relativa restituzione dei prodotti, ovvero qualora si renda necessario prevenire o segnalare alle Forze di Polizia la commissione di frodi su unangelopercapello.it.<\/p>\n<p>4.4 Il prezzo per l&#8217;acquisto dei prodotti e le spese di spedizione, come indicato nel modulo d&#8217;ordine, saranno addebitati sul tuo conto corrente al momento della spedizione dei prodotti acquistati.<\/p>\n<h5>5. Spedizione e consegna dei prodotti<\/h5>\n<p>5.1 Per conoscere le specifiche modalit\u00e0 di spedizione e di consegna dei prodotti contattaci via e-mail all\u2019indirizzo <a href=\"mailto:info@unangelopercapello.it\">info@unangelopercapello.it<\/a>.<\/p>\n<h5>6. Assistenza clienti<\/h5>\n<p>6.1 Potrai richiedere qualsiasi informazione al Venditore tramite e-mail all\u2019indirizzo <a href=\"mailto:info@unangelopercapello.it\">info@unangelopercapello.it<\/a>.<\/p>\n<h5>7. Diritto di recesso<\/h5>\n<p>7.1 Hai il diritto di recedere dal contratto concluso con il Venditore, senza alcuna penalit\u00e0 e senza specificarne il motivo, entro quattordici giorni (14) lavorativi, dal giorno del ricevimento dei prodotti acquistati su www.unangelopercapello.it, dandone avviso al Venditore.<\/p>\n<p>7.2 Per recedere dal contratto dovrai specificare i prodotti acquistati, il numero d\u2019ordine relativo, i tuoi dati identificativi e le coordinate bancarie (intestatario e numero di C\/C, ABI, CAB, CIN) per la restituzione dell\u2019importo pagato per l\u2019acquisto dei prodotti. Se il pagamento \u00e8 avvenuto tramite PayPal o Carta di Credito il rimborso verr\u00e0 effettuato direttamente sul vostro conto\/carta. Dovrai restituire i prodotti al Venditore che dovr\u00e0 riceverli entro quattordici (14) giorni lavorativi che decorrono da quando hai ricevuto i prodotti.<\/p>\n<p>7.3 Le spese di spedizione per la consegna in origine dei prodotti acquistati non saranno rimborsate.<\/p>\n<p>7.4 Il diritto di recesso \u00e8 comunque sottoposto, oltre alle condizioni specificate nei precedenti punti, anche alle seguenti condizioni:<\/p>\n<ul>\n<li>La lettera di vettura deve essere correttamente compilata<\/li>\n<li>Il diritto di recesso si applica soltanto ai beni integri al momento della restituzione;<\/li>\n<li>I prodotti non devono essere stati utilizzati modificati o danneggiati;<\/li>\n<li>I prodotti devono essere restituiti in un\u2019unica spedizione al Venditore;<\/li>\n<li>I prodotti devono essere restituiti nella loro confezione originale;<\/li>\n<li>Il Venditore deve ricevere i prodotti resi entro quattordici (14) giorni lavorativi decorrenti dalla data di consegna dell\u2019ordine.<\/li>\n<\/ul>\n<p>7.5 Nel caso in cui il recesso venga esercitato in conformit\u00e0 alle condizioni sopra riportate, il Venditore provveder\u00e0 a rimborsare al cliente l\u2019intera somma incassata per l\u2019acquisto dei prodotti, ma non le spese di spedizione, entro quattordici (14) giorni dalla data in cui il Venditore \u00e8 venuto a conoscenza dell\u2019esercizio del tuo diritto di recesso.<\/p>\n<p>7.6 Qualora le modalit\u00e0 ed i termini per l&#8217;esercizio del diritto di recesso non siano rispettati, non avrai diritto al rimborso delle somme gi\u00e0 corrisposte al Venditore.<\/p>\n<h5>8. Tempi e modalit\u00e0 di rimborso<\/h5>\n<p>8.1 Dopo la restituzione dei prodotti, il Venditore provvede ai necessari accertamenti relativi alla conformit\u00e0 degli stessi alle condizioni e termini indicati nel paragrafo 7. Nel caso in cui le verifiche si concludano positivamente, il Venditore ti invier\u00e0, via posta elettronica, la relativa conferma dell&#8217;accettazione dei prodotti restituiti.<\/p>\n<h5>9. Privacy<\/h5>\n<p>9.1 Potrai ottenere informazioni su come trattiamo i tuoi dati personali accedendo alla sezione Privacy Policy.<\/p>\n<p>9.2 Ti invitiamo inoltre a leggere le nostre Condizioni Generali d\u2019Uso che contengono importanti indicazioni su come trattiamo i dati personali dei nostri utenti ed i sistemi informatici e di sicurezza adottati.<\/p>\n<h5>10. Legge applicabile e soluzione delle controversie<\/h5>\n<p>Le Condizioni Generali di Vendita sono regolate dalla Legge Italiana ed in particolare dal Decreto Legislativo 6 settembre 2005 n. 206, e successive modifiche e integrazioni, sul codice del consumo, con specifico riferimento alla normativa in materia di contratti a distanza, e dal Decreto Legislativo 9 aprile 2003 n. 70 su taluni aspetti concernenti il commercio elettronico. Eventuali nascenti controversie verranno discusse secondo le modalit\u00e0 previste dalla legge.<\/p>\n<h5>11. Modifica e aggiornamento<\/h5>\n<p>11.1 Le Condizioni Generali di Vendita sono modificate di volta in volta anche in considerazione di eventuali modifiche alle Norme Legislative. Le nuove Condizioni Generali di Vendita saranno efficaci dalla data di pubblicazione su www.unangelopercapello.it.<\/p>\n","protected":false},"excerpt":{"rendered":"<p>Le presenti Condizioni Generali di Vendita regolano l\u2019acquisto online di prodotti effettuato tramite il Sito Web www.unangelopercapello.it. I prodotti acquistati su www.unangelopercapello.it sono venduti direttamente dall\u2019Associazione Un Angelo per Capello, C.da Montefreddo, 2 \u2013 70029 | Santeramo in Colle (BA) &#8211; Italy. Puoi inoltre contattare il Venditore tramite e-mail all\u2019indirizzo info@unangelopercapello.it 1. La nostra politica [&hellip;]<\/p>\n","protected":false},"author":1,"featured_media":0,"parent":0,"menu_order":0,"comment_status":"closed","ping_status":"closed","template":"","meta":{"ngg_post_thumbnail":0,"footnotes":""},"class_list":["post-18149","page","type-page","status-publish","hentry"],"_links":{"self":[{"href":"https:\/\/unangelopercapello.it\/web\/wp-json\/wp\/v2\/pages\/18149","targetHints":{"allow":["GET"]}}],"collection":[{"href":"https:\/\/unangelopercapello.it\/web\/wp-json\/wp\/v2\/pages"}],"about":[{"href":"https:\/\/unangelopercapello.it\/web\/wp-json\/wp\/v2\/types\/page"}],"author":[{"embeddable":true,"href":"https:\/\/unangelopercapello.it\/web\/wp-json\/wp\/v2\/users\/1"}],"replies":[{"embeddable":true,"href":"https:\/\/unangelopercapello.it\/web\/wp-json\/wp\/v2\/comments?post=18149"}],"version-history":[{"count":1,"href":"https:\/\/unangelopercapello.it\/web\/wp-json\/wp\/v2\/pages\/18149\/revisions"}],"predecessor-version":[{"id":18150,"href":"https:\/\/unangelopercapello.it\/web\/wp-json\/wp\/v2\/pages\/18149\/revisions\/18150"}],"wp:attachment":[{"href":"https:\/\/unangelopercapello.it\/web\/wp-json\/wp\/v2\/media?parent=18149"}],"curies":[{"name":"wp","href":"https:\/\/api.w.org\/{rel}","templated":true}]}}