{"id":12,"date":"2015-08-19T11:24:29","date_gmt":"2015-08-19T11:24:29","guid":{"rendered":"https:\/\/unangelopercapello.it\/web\/?page_id=12"},"modified":"2019-11-28T10:01:26","modified_gmt":"2019-11-28T09:01:26","slug":"contattaci","status":"publish","type":"page","link":"https:\/\/unangelopercapello.it\/web\/contattaci\/","title":{"rendered":"CONTATTACI"},"content":{"rendered":"<section  id=\"section-69eb8f39a4945\" class=\" fw-main-row-custom fw-main-row-top fw-section-no-padding fw-content-overlay-custom auto  tf-sh-6f2882e0dec8c5ec9d003db3eea2c96c section-header-contact\"  style=\"background-color:#ffffff;  margin-bottom:-118px; \"  >\n\t\t\t<div class=\"fw-container-fluid\" >\n\t\t<div class=\"fw-row\">\n\t<div id=\"column-a22858b29884a0749a8e28c74ab1e4e9\" class=\"fw-col-sm-12 tf-sh-a22858b29884a0749a8e28c74ab1e4e9  fw-col-no-padding\" >\n\t\t<div class=\"fw-col-inner\">\n\t\t<link href=\"https:\/\/fonts.googleapis.com\/css?family=Raleway:500%2C700\" rel=\"stylesheet\" property=\"stylesheet\" type=\"text\/css\" media=\"all\">\n<div id=\"rev_slider_30_1_wrapper\" class=\"rev_slider_wrapper fullwidthbanner-container\" data-source=\"gallery\" style=\"margin:0px auto;background-color:transparent;padding:0px;margin-top:0px;margin-bottom:0px;\">\n<!-- START REVOLUTION SLIDER 5.3.1.5 auto mode -->\n\t<div id=\"rev_slider_30_1\" class=\"rev_slider fullwidthabanner\" style=\"display:none;\" data-version=\"5.3.1.5\">\n<ul>\t<!-- SLIDE  -->\n\t<li data-index=\"rs-43\" data-transition=\"slideleft\" data-slotamount=\"default\" data-hideafterloop=\"0\" data-hideslideonmobile=\"off\"  data-easein=\"default\" data-easeout=\"default\" data-masterspeed=\"default\"  data-delay=\"8200\"  data-rotate=\"0\"  data-saveperformance=\"off\"  data-title=\"Slide\" data-param1=\"\" data-param2=\"\" data-param3=\"\" data-param4=\"\" data-param5=\"\" data-param6=\"\" data-param7=\"\" data-param8=\"\" data-param9=\"\" data-param10=\"\" data-description=\"\">\n\t\t<!-- MAIN IMAGE -->\n\t\t<img loading=\"lazy\" decoding=\"async\" src=\"https:\/\/unangelopercapello.it\/web\/wp-content\/plugins\/revslider\/admin\/assets\/images\/dummy.png\"  alt=\"\" title=\"unangelopercapello-header-contatti\"  width=\"2560\" height=\"600\" data-lazyload=\"https:\/\/unangelopercapello.it\/web\/wp-content\/uploads\/2017\/04\/unangelopercapello-header-contatti.jpg\" data-bgposition=\"70% 0%\" data-bgfit=\"cover\" data-bgrepeat=\"no-repeat\" data-bgparallax=\"off\" class=\"rev-slidebg\" data-no-retina>\n\t\t<!-- LAYERS -->\n\n\t\t<!-- LAYER NR. 1 -->\n\t\t<div class=\"tp-caption montserrat117white   tp-resizeme\" \n\t\t\t id=\"slide-43-layer-2\" \n\t\t\t data-x=\"['center','center','center','center']\" data-hoffset=\"['0','71','22','22']\" \n\t\t\t data-y=\"['middle','top','top','top']\" data-voffset=\"['0','186','184','184']\" \n\t\t\t\t\t\tdata-fontsize=\"['100','90','65','65']\"\n\t\t\tdata-fontweight=\"['500','700','700','700']\"\n\t\t\tdata-width=\"none\"\n\t\t\tdata-height=\"none\"\n\t\t\tdata-whitespace=\"nowrap\"\n \n\t\t\tdata-type=\"text\" \n\t\t\tdata-responsive_offset=\"on\" \n\n\t\t\tdata-frames='[{\"delay\":1000,\"speed\":400,\"frame\":\"0\",\"from\":\"y:-50px;opacity:0;\",\"to\":\"o:1;\",\"ease\":\"easeOutCubic\"},{\"delay\":\"wait\",\"speed\":300,\"frame\":\"999\",\"ease\":\"nothing\"}]'\n\t\t\tdata-textAlign=\"['left','left','left','left']\"\n\t\t\tdata-paddingtop=\"[0,0,0,0]\"\n\t\t\tdata-paddingright=\"[0,0,0,0]\"\n\t\t\tdata-paddingbottom=\"[0,0,0,0]\"\n\t\t\tdata-paddingleft=\"[0,0,0,0]\"\n\n\t\t\tstyle=\"z-index: 5; white-space: nowrap; font-size: 100px; line-height: 60px; font-weight: 500;font-family:Raleway;letter-spacing:0px;\">CONTATTI <\/div>\n\t<\/li>\n<\/ul>\n<div class=\"tp-bannertimer\" style=\"height: 5px; background-color: rgba(0, 0, 0, 0.15);\"><\/div>\t<\/div>\n<script>var htmlDiv = document.getElementById(\"rs-plugin-settings-inline-css\"); var htmlDivCss=\".tp-caption.montserrat117white,.montserrat117white{color:#ffffff;font-size:113px;font-weight:700;font-family:Montserrat;text-decoration:none;background-color:transparent;border-width:0px;border-color:rgb(0,0,0);border-style:none;text-shadow:none;letter-spacing:-5px}\";\n\t\t\t\tif(htmlDiv) {\n\t\t\t\t\thtmlDiv.innerHTML = htmlDiv.innerHTML + htmlDivCss;\n\t\t\t\t}else{\n\t\t\t\t\tvar htmlDiv = document.createElement(\"div\");\n\t\t\t\t\thtmlDiv.innerHTML = \"<style>\" + htmlDivCss + \"<\/style>\";\n\t\t\t\t\tdocument.getElementsByTagName(\"head\")[0].appendChild(htmlDiv.childNodes[0]);\n\t\t\t\t}\n\t\t\t<\/script>\n\t\t<script type=\"text\/javascript\">\n\t\t\t\t\t\t\/******************************************\n\t\t\t\t-\tPREPARE PLACEHOLDER FOR SLIDER\t-\n\t\t\t******************************************\/\n\n\t\t\tvar setREVStartSize=function(){\n\t\t\t\ttry{var e=new Object,i=jQuery(window).width(),t=9999,r=0,n=0,l=0,f=0,s=0,h=0;\n\t\t\t\t\te.c = jQuery('#rev_slider_30_1');\n\t\t\t\t\te.responsiveLevels = [1240,1024,778,778];\n\t\t\t\t\te.gridwidth = [1920,1240,778,480];\n\t\t\t\t\te.gridheight = [523,500,500,400];\n\t\t\t\t\t\t\t\n\t\t\t\t\te.sliderLayout = \"auto\";\n\t\t\t\t\tif(e.responsiveLevels&&(jQuery.each(e.responsiveLevels,function(e,f){f>i&&(t=r=f,l=e),i>f&&f>r&&(r=f,n=e)}),t>r&&(l=n)),f=e.gridheight[l]||e.gridheight[0]||e.gridheight,s=e.gridwidth[l]||e.gridwidth[0]||e.gridwidth,h=i\/s,h=h>1?1:h,f=Math.round(h*f),\"fullscreen\"==e.sliderLayout){var u=(e.c.width(),jQuery(window).height());if(void 0!=e.fullScreenOffsetContainer){var c=e.fullScreenOffsetContainer.split(\",\");if (c) jQuery.each(c,function(e,i){u=jQuery(i).length>0?u-jQuery(i).outerHeight(!0):u}),e.fullScreenOffset.split(\"%\").length>1&&void 0!=e.fullScreenOffset&&e.fullScreenOffset.length>0?u-=jQuery(window).height()*parseInt(e.fullScreenOffset,0)\/100:void 0!=e.fullScreenOffset&&e.fullScreenOffset.length>0&&(u-=parseInt(e.fullScreenOffset,0))}f=u}else void 0!=e.minHeight&&f<e.minHeight&&(f=e.minHeight);e.c.closest(\".rev_slider_wrapper\").css({height:f})\n\t\t\t\t\t\n\t\t\t\t}catch(d){console.log(\"Failure at Presize of Slider:\"+d)}\n\t\t\t};\n\t\t\t\n\t\t\tsetREVStartSize();\n\t\t\t\n\t\t\t\t\t\tvar tpj=jQuery;\n\t\t\t\n\t\t\tvar revapi30;\n\t\t\ttpj(document).ready(function() {\n\t\t\t\tif(tpj(\"#rev_slider_30_1\").revolution == undefined){\n\t\t\t\t\trevslider_showDoubleJqueryError(\"#rev_slider_30_1\");\n\t\t\t\t}else{\n\t\t\t\t\trevapi30 = tpj(\"#rev_slider_30_1\").show().revolution({\n\t\t\t\t\t\tsliderType:\"standard\",\njsFileLocation:\"\/\/unangelopercapello.it\/web\/wp-content\/plugins\/revslider\/public\/assets\/js\/\",\n\t\t\t\t\t\tsliderLayout:\"auto\",\n\t\t\t\t\t\tdottedOverlay:\"none\",\n\t\t\t\t\t\tdelay:9000,\n\t\t\t\t\t\tnavigation: {\n\t\t\t\t\t\t\tkeyboardNavigation:\"off\",\n\t\t\t\t\t\t\tkeyboard_direction: \"horizontal\",\n\t\t\t\t\t\t\tmouseScrollNavigation:\"off\",\n \t\t\t\t\t\t\tmouseScrollReverse:\"default\",\n\t\t\t\t\t\t\tonHoverStop:\"off\",\n\t\t\t\t\t\t\ttouch:{\n\t\t\t\t\t\t\t\ttouchenabled:\"on\",\n\t\t\t\t\t\t\t\tswipe_threshold: 75,\n\t\t\t\t\t\t\t\tswipe_min_touches: 50,\n\t\t\t\t\t\t\t\tswipe_direction: \"horizontal\",\n\t\t\t\t\t\t\t\tdrag_block_vertical: false\n\t\t\t\t\t\t\t}\n\t\t\t\t\t\t},\n\t\t\t\t\t\tresponsiveLevels:[1240,1024,778,778],\n\t\t\t\t\t\tvisibilityLevels:[1240,1024,778,778],\n\t\t\t\t\t\tgridwidth:[1920,1240,778,480],\n\t\t\t\t\t\tgridheight:[523,500,500,400],\n\t\t\t\t\t\tlazyType:\"smart\",\n\t\t\t\t\t\tparallax: {\n\t\t\t\t\t\t\ttype:\"mouse\",\n\t\t\t\t\t\t\torigo:\"slidercenter\",\n\t\t\t\t\t\t\tspeed:2000,\n\t\t\t\t\t\t\tlevels:[2,3,4,5,6,7,12,16,10,50,47,48,49,50,51,55],\n\t\t\t\t\t\t},\n\t\t\t\t\t\tshadow:0,\n\t\t\t\t\t\tspinner:\"off\",\n\t\t\t\t\t\tstopLoop:\"on\",\n\t\t\t\t\t\tstopAfterLoops:0,\n\t\t\t\t\t\tstopAtSlide:1,\n\t\t\t\t\t\tshuffle:\"off\",\n\t\t\t\t\t\tautoHeight:\"off\",\n\t\t\t\t\t\thideThumbsOnMobile:\"off\",\n\t\t\t\t\t\thideSliderAtLimit:0,\n\t\t\t\t\t\thideCaptionAtLimit:0,\n\t\t\t\t\t\thideAllCaptionAtLilmit:0,\n\t\t\t\t\t\tdebugMode:false,\n\t\t\t\t\t\tfallbacks: {\n\t\t\t\t\t\t\tsimplifyAll:\"off\",\n\t\t\t\t\t\t\tnextSlideOnWindowFocus:\"off\",\n\t\t\t\t\t\t\tdisableFocusListener:false,\n\t\t\t\t\t\t}\n\t\t\t\t\t});\n\t\t\t\t}\n\t\t\t});\t\/*ready*\/\n\t\t<\/script>\n\t\t<\/div><!-- END REVOLUTION SLIDER -->\t<\/div>\n<\/div><\/div>\n\n<div class=\"fw-row\">\n\t<div id=\"column-fce539b7f990f176dc9778ea221d6904\" class=\"fw-col-sm-6 tf-sh-fce539b7f990f176dc9778ea221d6904  fw-animated-element fw-col-no-padding\" data-animation-type=\"fadeInUp\" data-animation-delay=\"1000\">\n\t\t<div class=\"fw-col-inner\">\n\t\t\n\t\n\t\t<div class=\"fw-block-image-parent  fw-mobile-hide-element fw-block-image-center\"  style=\"width: 70px; \">\n\t\t\t<span class=\"fw-block-image-child fw-ratio-1 fw-ratio-container\">\n\t\t\t\t<meta property=\"og:image\" content=\"https:\/\/unangelopercapello.it\/web\/wp-content\/uploads\/2017\/04\/envelope.png\" \/><noscript itemscope itemtype=\"https:\/\/schema.org\/ImageObject\" itemprop=\"image\"><img decoding=\"async\" src=\"https:\/\/unangelopercapello.it\/web\/wp-content\/uploads\/2017\/04\/envelope.png\"  alt=\"envelope\" data-maxdpr=\"1.7\" width=\"70\" class=\"lazyload\" \/><meta itemprop=\"url\" content=\"https:\/\/unangelopercapello.it\/web\/wp-content\/uploads\/2017\/04\/envelope.png\"><meta itemprop=\"width\" content=\"140\"><meta itemprop=\"height\" content=\"140\"><\/noscript><img decoding=\"async\" src=\"data:image\/gif;base64,R0lGODlhAQABAIAAAAAAAP\/\/\/yH5BAEAAAAALAAAAAABAAEAAAIBRAA7\" data-sizes=\"auto\" data-srcset=\"https:\/\/unangelopercapello.it\/web\/wp-content\/uploads\/2017\/04\/envelope-100x100.png 100w, https:\/\/unangelopercapello.it\/web\/wp-content\/uploads\/2017\/04\/envelope.png 140w\"   alt=\"envelope\" data-maxdpr=\"1.7\" width=\"70\" class=\"lazyload\" \/>\t\t\t\t\t\t\t<\/span>\n\t\t<\/div>\n\n\t\n<div class=\"fw-divider-space  fw-custom-space  fw-mobile-hide-element clearfix\" style=\"height:59px;\" ><\/div><div class=\"fw-heading fw-heading-left contact-sidebar-padding fw-animated-element tf-sh-474752bb67780a52d0aa5116aa2aace5\"  data-animation-type=\"fadeInUp\" data-animation-delay=\"200\">\n\t\t\t<h4 class=\"fw-special-title\">Associazione Onlus <br> \"Un Angelo per Capello\"<\/h4>\n\t\n\t\n\t<\/div><div class=\"fw-divider-space  fw-custom-space  fw-mobile-hide-element clearfix\" style=\"height:20px;\" ><\/div><div class=\"fw-text-box tf-sh-dd9d835008844448781e6e8724f1d935 contact-sidebar-padding\" >\n\t<div class=\"fw-text-inner\">\n\t\t<p>C.da Montefreddo, 2<br \/>70029 - Santeramo in Colle (BA) - Italia<br \/><span style=\"color: #d12a5c;\">info@unangelopercapello.it<\/span><\/p>\n\t<\/div>\n<\/div><div class=\"fw-divider-space  fw-custom-space  clearfix\" style=\"height:40px;\" ><\/div><div class=\"fw-heading fw-heading-left contact-sidebar-padding tf-sh-988fa8d72cc99822966b31a921096d28\" >\n\t\t\t<h4 class=\"fw-special-title\">Orari:<\/h4>\n\t\n\t\n\t<\/div><div class=\"fw-text-box tf-sh-1190a7fdc1c23275c88ae4b0f953ddfd contact-sidebar-padding\" >\n\t<div class=\"fw-text-inner\">\n\t\t<p><span style=\"color: #d12a5c;\">Luned\u00ec-Venerd\u00ec:<\/span> 09:30 -12:30 | 15:30 - 17:30<\/p>\n\t<\/div>\n<\/div><div class=\"fw-divider-space  fw-custom-space  clearfix\" style=\"height:51px;\" ><\/div><div class=\"fw-divider-space  fw-custom-space  clearfix\" style=\"height:59px;\" ><\/div><div class=\"wrap-map fw-map  tf-sh-6242192554204e7035df37d4b7b302f3\"  data-locations=\"[{&quot;title&quot;:&quot;&quot;,&quot;url&quot;:&quot;&quot;,&quot;thumb&quot;:&quot;https:\\\/\\\/unangelopercapello.it\\\/web\\\/wp-content\\\/uploads\\\/2015\\\/08\\\/Logo_theCORE-100x60.jpg&quot;,&quot;coordinates&quot;:{&quot;lat&quot;:40.796112,&quot;lng&quot;:16.747857},&quot;description&quot;:&quot;&quot;}]\" data-map-type=\"TERRAIN\" data-map-height=\"262\" data-unique-id=\"6242192554204e7035df37d4b7b302f3\" data-location-advanced-styling=\"{&quot;title&quot;:{&quot;google_font&quot;:&quot;true&quot;,&quot;subset&quot;:&quot;latin&quot;,&quot;variation&quot;:&quot;700&quot;,&quot;family&quot;:&quot;Montserrat&quot;,&quot;style&quot;:&quot;false&quot;,&quot;weight&quot;:&quot;false&quot;,&quot;size&quot;:&quot;14&quot;,&quot;line-height&quot;:&quot;26&quot;,&quot;letter-spacing&quot;:&quot;-1&quot;,&quot;color-palette&quot;:{&quot;id&quot;:&quot;fw-custom&quot;,&quot;color&quot;:&quot;&quot;},&quot;is_saved&quot;:&quot;false&quot;},&quot;description&quot;:{&quot;google_font&quot;:&quot;true&quot;,&quot;subset&quot;:&quot;latin&quot;,&quot;variation&quot;:&quot;regular&quot;,&quot;family&quot;:&quot;Quattrocento Sans&quot;,&quot;style&quot;:&quot;false&quot;,&quot;weight&quot;:&quot;false&quot;,&quot;size&quot;:&quot;16.5&quot;,&quot;line-height&quot;:&quot;28&quot;,&quot;letter-spacing&quot;:&quot;0&quot;,&quot;color-palette&quot;:{&quot;id&quot;:&quot;fw-custom&quot;,&quot;color&quot;:&quot;&quot;},&quot;is_saved&quot;:&quot;false&quot;}}\" data-map-pin=\"{&quot;url&quot;:&quot;\\\/\\\/unangelopercapello.it\\\/web\\\/wp-content\\\/uploads\\\/2017\\\/04\\\/map.png&quot;}\" data-map-zoom=\"16\" data-map-style=\"[{&quot;featureType&quot;:&quot;landscape.man_made&quot;,&quot;elementType&quot;:&quot;geometry.fill&quot;,&quot;stylers&quot;:[{&quot;color&quot;:&quot;#e9e5dc&quot;}]},{&quot;featureType&quot;:&quot;landscape.natural&quot;,&quot;elementType&quot;:&quot;geometry.fill&quot;,&quot;stylers&quot;:[{&quot;visibility&quot;:&quot;on&quot;},{&quot;color&quot;:&quot;#b8cb93&quot;}]},{&quot;featureType&quot;:&quot;poi&quot;,&quot;elementType&quot;:&quot;all&quot;,&quot;stylers&quot;:[{&quot;visibility&quot;:&quot;off&quot;}]},{&quot;featureType&quot;:&quot;poi.business&quot;,&quot;elementType&quot;:&quot;all&quot;,&quot;stylers&quot;:[{&quot;visibility&quot;:&quot;simplified&quot;}]},{&quot;featureType&quot;:&quot;poi.medical&quot;,&quot;elementType&quot;:&quot;all&quot;,&quot;stylers&quot;:[{&quot;visibility&quot;:&quot;on&quot;}]},{&quot;featureType&quot;:&quot;poi.park&quot;,&quot;elementType&quot;:&quot;all&quot;,&quot;stylers&quot;:[{&quot;visibility&quot;:&quot;on&quot;}]},{&quot;featureType&quot;:&quot;poi.park&quot;,&quot;elementType&quot;:&quot;geometry.fill&quot;,&quot;stylers&quot;:[{&quot;color&quot;:&quot;#ccdca1&quot;}]},{&quot;featureType&quot;:&quot;poi.sports_complex&quot;,&quot;elementType&quot;:&quot;all&quot;,&quot;stylers&quot;:[{&quot;visibility&quot;:&quot;on&quot;}]},{&quot;featureType&quot;:&quot;road&quot;,&quot;elementType&quot;:&quot;geometry.fill&quot;,&quot;stylers&quot;:[{&quot;hue&quot;:&quot;#ff0000&quot;},{&quot;saturation&quot;:-100},{&quot;lightness&quot;:99}]},{&quot;featureType&quot;:&quot;road&quot;,&quot;elementType&quot;:&quot;geometry.stroke&quot;,&quot;stylers&quot;:[{&quot;color&quot;:&quot;#808080&quot;},{&quot;lightness&quot;:54},{&quot;visibility&quot;:&quot;off&quot;}]},{&quot;featureType&quot;:&quot;road&quot;,&quot;elementType&quot;:&quot;labels.text.fill&quot;,&quot;stylers&quot;:[{&quot;color&quot;:&quot;#767676&quot;}]},{&quot;featureType&quot;:&quot;road&quot;,&quot;elementType&quot;:&quot;labels.text.stroke&quot;,&quot;stylers&quot;:[{&quot;color&quot;:&quot;#ffffff&quot;}]},{&quot;featureType&quot;:&quot;water&quot;,&quot;elementType&quot;:&quot;all&quot;,&quot;stylers&quot;:[{&quot;saturation&quot;:43},{&quot;lightness&quot;:-11},{&quot;color&quot;:&quot;#89cada&quot;}]}]\" data-animation-group=\"{&quot;selected&quot;:&quot;no&quot;,&quot;yes&quot;:{&quot;animation&quot;:{&quot;animation&quot;:&quot;fadeInUp&quot;,&quot;delay&quot;:&quot;200&quot;}}}\" data-responsive=\"{&quot;desktop_display&quot;:{&quot;selected&quot;:&quot;yes&quot;},&quot;tablet_landscape_display&quot;:{&quot;selected&quot;:&quot;yes&quot;},&quot;tablet_display&quot;:{&quot;selected&quot;:&quot;yes&quot;},&quot;smartphone_display&quot;:{&quot;selected&quot;:&quot;yes&quot;}}\" data-class=\"\" >\n\t<div class=\"fw-map-canvas map\"><\/div>\n<\/div>\t<\/div>\n<\/div><div id=\"column-497f36805f5414619b7298fbfe61b122\" class=\"fw-col-sm-6 tf-sh-497f36805f5414619b7298fbfe61b122 contact-us fw-animated-element\" data-animation-type=\"fadeInUp\" data-animation-delay=\"1300\">\n\t\t<div class=\"fw-col-inner\">\n\t\t<div class=\"fw-heading fw-heading-left  fw-heading-with-subtitle tf-sh-e5994a456d7529e978ddf549836f47df\" >\n\t\t\t<h4 class=\"fw-special-title\">Compila il form per contattarci<\/h4>\n\t\n\t\n\t\t\t<div class=\"fw-special-subtitle\">Compila i campi del form. Ti ricontatteremo al pi\u00f9 presto:<\/div>\n\t<\/div><div class=\"fw-text-box tf-sh-e9e30fb6e68ec72f244dffd3189b7b40 \" >\n\t<div class=\"fw-text-inner\">\n\t\t<p><div role=\"form\" class=\"wpcf7\" id=\"wpcf7-f8261-o1\" lang=\"it-IT\" dir=\"ltr\">\n<div class=\"screen-reader-response\"><\/div>\n<form action=\"\/web\/wp-json\/wp\/v2\/pages\/12#wpcf7-f8261-o1\" method=\"post\" class=\"wpcf7-form cf7-style\" novalidate=\"novalidate\">\n<div style=\"display: none;\">\n<input type=\"hidden\" name=\"_wpcf7\" value=\"8261\" \/>\n<input type=\"hidden\" name=\"_wpcf7_version\" value=\"5.1.6\" \/>\n<input type=\"hidden\" name=\"_wpcf7_locale\" value=\"it_IT\" \/>\n<input type=\"hidden\" name=\"_wpcf7_unit_tag\" value=\"wpcf7-f8261-o1\" \/>\n<input type=\"hidden\" name=\"_wpcf7_container_post\" value=\"0\" \/>\n<input type=\"hidden\" name=\"g-recaptcha-response\" value=\"\" \/>\n<\/div>\n<p><label><strong>Nome e Cognome (richiesto)*<\/strong><br \/>\n    <span class=\"wpcf7-form-control-wrap nome-cognome\"><input type=\"text\" name=\"nome-cognome\" value=\"\" size=\"40\" class=\"wpcf7-form-control wpcf7-text wpcf7-validates-as-required\" aria-required=\"true\" aria-invalid=\"false\" \/><\/span> <\/label><\/p>\n<p><label><strong>Citt\u00e0 (richiesto)*<\/strong><br \/>\n    <span class=\"wpcf7-form-control-wrap citta\"><input type=\"text\" name=\"citta\" value=\"\" size=\"40\" class=\"wpcf7-form-control wpcf7-text wpcf7-validates-as-required\" aria-required=\"true\" aria-invalid=\"false\" \/><\/span> <\/label><\/p>\n<p><label><strong>Provincia (richiesto)*<\/strong><br \/>\n    <span class=\"wpcf7-form-control-wrap provincia\"><input type=\"text\" name=\"provincia\" value=\"\" size=\"40\" class=\"wpcf7-form-control wpcf7-text wpcf7-validates-as-required\" aria-required=\"true\" aria-invalid=\"false\" \/><\/span> <\/label><\/p>\n<p><label><strong>Telefono<\/strong><br \/>\n    <span class=\"wpcf7-form-control-wrap Telefono\"><input type=\"tel\" name=\"Telefono\" value=\"\" size=\"40\" class=\"wpcf7-form-control wpcf7-text wpcf7-tel wpcf7-validates-as-tel\" aria-invalid=\"false\" \/><\/span> <\/label><\/p>\n<p><label><strong>E-mail (richiesto)<\/strong><br \/>\n    <span class=\"wpcf7-form-control-wrap your-email\"><input type=\"email\" name=\"your-email\" value=\"\" size=\"40\" class=\"wpcf7-form-control wpcf7-text wpcf7-email wpcf7-validates-as-required wpcf7-validates-as-email\" aria-required=\"true\" aria-invalid=\"false\" \/><\/span> <\/label><\/p>\n<p><label><strong>Contatto Social<\/strong><br \/>\n    <span class=\"wpcf7-form-control-wrap social\"><input type=\"text\" name=\"social\" value=\"\" size=\"40\" class=\"wpcf7-form-control wpcf7-text\" aria-invalid=\"false\" \/><\/span> <\/label><\/p>\n<p><label><strong>Il tuo messaggio(richiesto)<\/strong><br \/>\n    <span class=\"wpcf7-form-control-wrap your-message\"><textarea name=\"your-message\" cols=\"40\" rows=\"10\" class=\"wpcf7-form-control wpcf7-textarea wpcf7-validates-as-required\" aria-required=\"true\" aria-invalid=\"false\"><\/textarea><\/span> <\/label><\/p>\n<p><strong>Finalit\u00e0 di trattamento*<\/strong><br \/>\n<small>Acconsento a che lo Staff dell'iniziativa \"Un Angelo per Capello\" utilizzi i miei recapiti, anche telefonici e di posta elettronica, per l'invio di comunicazioni ed informazioni di carattere esclusivamente collegato all'iniziativa \"Un Angelo per Capello\".<\/small><\/p>\n<p><span class=\"wpcf7-form-control-wrap Finalita-Trattamento\"><span class=\"wpcf7-form-control wpcf7-radio\"><span class=\"wpcf7-list-item first\"><input type=\"radio\" name=\"Finalita-Trattamento\" value=\"Si\" checked=\"checked\" \/><span class=\"wpcf7-list-item-label\">Si<\/span><\/span><span class=\"wpcf7-list-item last\"><input type=\"radio\" name=\"Finalita-Trattamento\" value=\"No\" \/><span class=\"wpcf7-list-item-label\">No<\/span><\/span><\/span><\/span><\/p>\n<p><strong>Accettazione condizioni e requisiti*<\/strong><br \/>\n<small>Dichiaro di aver letto ed accetto le condizioni e requisiti di donazione e le finalit\u00e0 del progetto. Ai sensi del D.Lgs del 30\/06\/2003 n. 196 sulla privacy autorizzo lo Staff dell'iniziativa \"Un Angelo per Capello\" all'uso dei miei dati per le sole finalit\u00e0 legate al progetto in questione, ad esclusione di qualsiasi altro uso, ivi compreso quello commerciale.<\/small><\/p>\n<p><span class=\"wpcf7-form-control-wrap Accettazione-condizioni\"><span class=\"wpcf7-form-control wpcf7-radio\"><span class=\"wpcf7-list-item first\"><input type=\"radio\" name=\"Accettazione-condizioni\" value=\"Si\" checked=\"checked\" \/><span class=\"wpcf7-list-item-label\">Si<\/span><\/span><span class=\"wpcf7-list-item last\"><input type=\"radio\" name=\"Accettazione-condizioni\" value=\"No\" \/><span class=\"wpcf7-list-item-label\">No<\/span><\/span><\/span><\/span><\/p>\n<p><label><!-- Mailchimp for WordPress v4.8.6 - https:\/\/www.mc4wp.com\/ --><input type=\"hidden\" name=\"_mc4wp_subscribe_contact-form-7\" value=\"0\" \/><span class=\" mc4wp-checkbox mc4wp-checkbox-contact-form-7\" ><label><input type=\"checkbox\" name=\"_mc4wp_subscribe_contact-form-7\" value=\"1\"  \/><span> Iscrivimi alla newsletter<\/span><\/label><\/span><!-- \/ Mailchimp for WordPress --><\/label><\/p>\n\n<p><\/br><br \/>\n<input type=\"submit\" value=\"Invia\" class=\"wpcf7-form-control wpcf7-submit\" \/><\/p>\n<div class=\"wpcf7-response-output wpcf7-display-none\"><\/div><\/form><\/div><\/p>\n\t<\/div>\n<\/div>\t<\/div>\n<\/div><\/div>\n\n<div class=\"fw-row\">\n\t<div id=\"column-a36b52ab58cdd1928c6e0e0abc7a3e3c\" class=\"fw-col-sm-12 tf-sh-a36b52ab58cdd1928c6e0e0abc7a3e3c\" >\n\t\t<div class=\"fw-col-inner\">\n\t\t<div class=\"fw-divider-space  fw-custom-space  clearfix\" style=\"height:120px;\" ><\/div>\t<\/div>\n<\/div><\/div>\n\n\t<\/div>\n\t<\/section>\n","protected":false},"excerpt":{"rendered":"<p>CONTATTI Associazione Onlus &#8220;Un Angelo per Capello&#8221; C.da Montefreddo, 270029 &#8211; Santeramo in Colle (BA) &#8211; Italiainfo@unangelopercapello.it Orari: Luned\u00ec-Venerd\u00ec: 09:30 -12:30 | 15:30 &#8211; 17:30 Compila il form per contattarci Compila i campi del form. Ti ricontatteremo al pi\u00f9 presto: Nome e Cognome (richiesto)* Citt\u00e0 (richiesto)* Provincia (richiesto)* Telefono E-mail (richiesto) Contatto Social Il tuo [&hellip;]<\/p>\n","protected":false},"author":1,"featured_media":0,"parent":0,"menu_order":0,"comment_status":"closed","ping_status":"closed","template":"visual-builder-template.php","meta":{"ngg_post_thumbnail":0,"footnotes":""},"class_list":["post-12","page","type-page","status-publish","hentry"],"_links":{"self":[{"href":"https:\/\/unangelopercapello.it\/web\/wp-json\/wp\/v2\/pages\/12","targetHints":{"allow":["GET"]}}],"collection":[{"href":"https:\/\/unangelopercapello.it\/web\/wp-json\/wp\/v2\/pages"}],"about":[{"href":"https:\/\/unangelopercapello.it\/web\/wp-json\/wp\/v2\/types\/page"}],"author":[{"embeddable":true,"href":"https:\/\/unangelopercapello.it\/web\/wp-json\/wp\/v2\/users\/1"}],"replies":[{"embeddable":true,"href":"https:\/\/unangelopercapello.it\/web\/wp-json\/wp\/v2\/comments?post=12"}],"version-history":[{"count":70,"href":"https:\/\/unangelopercapello.it\/web\/wp-json\/wp\/v2\/pages\/12\/revisions"}],"predecessor-version":[{"id":19276,"href":"https:\/\/unangelopercapello.it\/web\/wp-json\/wp\/v2\/pages\/12\/revisions\/19276"}],"wp:attachment":[{"href":"https:\/\/unangelopercapello.it\/web\/wp-json\/wp\/v2\/media?parent=12"}],"curies":[{"name":"wp","href":"https:\/\/api.w.org\/{rel}","templated":true}]}}